{"id":1009,"date":"2022-01-03T13:37:47","date_gmt":"2022-01-03T13:37:47","guid":{"rendered":"https:\/\/ugurluisi.com\/?post_type=product&#038;p=1009"},"modified":"2022-01-05T10:17:47","modified_gmt":"2022-01-05T10:17:47","slug":"boyler-tek-serpantin","status":"publish","type":"product","link":"https:\/\/ugurluisi.com\/index.php\/urun\/boyler-tek-serpantin\/","title":{"rendered":"Boyler Tek Serpantin"},"content":{"rendered":"<div class=\"bauer-icon-box clearfix icon-left align-left hover-style-1 simple\">\n<div class=\"wrap-inner\">\n<h3 class=\"heading \">EN 12897&#8242; e g\u00f6re tasarlanm\u0131\u015ft\u0131r.<\/h3>\n<div class=\"hover\"><span style=\"font-size: 25px;\">DIN EN 10111-98 normuna uygun ana \u00e7elik g\u00f6vde.<\/span><\/div>\n<\/div>\n<\/div>\n<div class=\"bauer-icon-box clearfix icon-left align-left hover-style-1 simple\">\n<div class=\"wrap-inner\">\n<div class=\"hover\"><span style=\"font-size: 25px;\">DIN 4753.3 normuna uygun emaye kaplama ic\u0327 y\u00fczey.<\/span><\/div>\n<\/div>\n<\/div>\n<div class=\"bauer-icon-box clearfix icon-left align-left hover-style-1 simple\">\n<div class=\"wrap-inner\">\n<div class=\"hover\"><span style=\"font-size: 25px;\">10 BAR \/ 75\u00b0 \u00e7al\u0131\u015fma.<\/span><\/div>\n<\/div>\n<\/div>\n<div class=\"bauer-icon-box clearfix icon-left align-left hover-style-1 simple\">\n<div class=\"wrap-inner\">\n<div class=\"hover\"><span style=\"font-size: 25px;\">CFC Free Sert Poli\u00fcretan .<\/span><\/div>\n<\/div>\n<\/div>\n<div class=\"bauer-icon-box clearfix icon-left align-left hover-style-1 simple\">\n<div class=\"wrap-inner\">\n<div class=\"hover\"><span style=\"font-size: 25px;\">Magnezyum Katodik Koruma.<\/span><\/div>\n<\/div>\n<\/div>\n<div class=\"bauer-icon-box clearfix icon-left align-left hover-style-1 simple\">\n<div class=\"wrap-inner\">\n<div class=\"hover\"><\/div>\n<\/div>\n<\/div>\n","protected":false},"excerpt":{"rendered":"<p>Tek Serpantin Boyler<\/p>\n","protected":false},"featured_media":988,"template":"","meta":[],"product_cat":[],"product_tag":[],"class_list":["post-1009","product","type-product","status-publish","has-post-thumbnail","hentry"],"yoast_head":"<!-- This site is optimized with the Yoast SEO plugin v17.8 - https:\/\/yoast.com\/wordpress\/plugins\/seo\/ -->\n<title>Boyler Tek Serpantin - U\u011furlu Is\u0131<\/title>\n<meta name=\"robots\" content=\"index, follow, max-snippet:-1, max-image-preview:large, max-video-preview:-1\" \/>\n<link rel=\"canonical\" href=\"https:\/\/ugurluisi.com\/index.php\/urun\/boyler-tek-serpantin\/\" \/>\n<meta property=\"og:locale\" content=\"tr_TR\" \/>\n<meta property=\"og:type\" content=\"article\" \/>\n<meta property=\"og:title\" content=\"Boyler Tek Serpantin - U\u011furlu Is\u0131\" \/>\n<meta property=\"og:description\" content=\"Tek Serpantin Boyler\" \/>\n<meta property=\"og:url\" content=\"https:\/\/ugurluisi.com\/index.php\/urun\/boyler-tek-serpantin\/\" \/>\n<meta property=\"og:site_name\" content=\"U\u011furlu Is\u0131\" \/>\n<meta property=\"article:modified_time\" content=\"2022-01-05T10:17:47+00:00\" \/>\n<meta property=\"og:image\" content=\"https:\/\/ugurluisi.com\/wp-content\/uploads\/2021\/12\/teksrpboyler-y.png\" \/>\n\t<meta property=\"og:image:width\" content=\"285\" \/>\n\t<meta property=\"og:image:height\" content=\"412\" \/>\n<meta name=\"twitter:card\" content=\"summary_large_image\" \/>\n<meta name=\"twitter:label1\" content=\"Tahmini okuma s\u00fcresi\" \/>\n\t<meta name=\"twitter:data1\" content=\"1 dakika\" \/>\n<script type=\"application\/ld+json\" class=\"yoast-schema-graph\">{\"@context\":\"https:\/\/schema.org\",\"@graph\":[{\"@type\":\"WebSite\",\"@id\":\"https:\/\/ugurluisi.com\/#website\",\"url\":\"https:\/\/ugurluisi.com\/\",\"name\":\"U\\u011furlu Is\\u0131\",\"description\":\"Is\\u0131 Sistemleri\",\"potentialAction\":[{\"@type\":\"SearchAction\",\"target\":{\"@type\":\"EntryPoint\",\"urlTemplate\":\"https:\/\/ugurluisi.com\/?s={search_term_string}\"},\"query-input\":\"required name=search_term_string\"}],\"inLanguage\":\"tr\"},{\"@type\":\"ImageObject\",\"@id\":\"https:\/\/ugurluisi.com\/index.php\/urun\/boyler-tek-serpantin\/#primaryimage\",\"inLanguage\":\"tr\",\"url\":\"https:\/\/ugurluisi.com\/wp-content\/uploads\/2021\/12\/teksrpboyler-y.png\",\"contentUrl\":\"https:\/\/ugurluisi.com\/wp-content\/uploads\/2021\/12\/teksrpboyler-y.png\",\"width\":285,\"height\":412},{\"@type\":\"WebPage\",\"@id\":\"https:\/\/ugurluisi.com\/index.php\/urun\/boyler-tek-serpantin\/#webpage\",\"url\":\"https:\/\/ugurluisi.com\/index.php\/urun\/boyler-tek-serpantin\/\",\"name\":\"Boyler Tek Serpantin - U\\u011furlu Is\\u0131\",\"isPartOf\":{\"@id\":\"https:\/\/ugurluisi.com\/#website\"},\"primaryImageOfPage\":{\"@id\":\"https:\/\/ugurluisi.com\/index.php\/urun\/boyler-tek-serpantin\/#primaryimage\"},\"datePublished\":\"2022-01-03T13:37:47+00:00\",\"dateModified\":\"2022-01-05T10:17:47+00:00\",\"breadcrumb\":{\"@id\":\"https:\/\/ugurluisi.com\/index.php\/urun\/boyler-tek-serpantin\/#breadcrumb\"},\"inLanguage\":\"tr\",\"potentialAction\":[{\"@type\":\"ReadAction\",\"target\":[\"https:\/\/ugurluisi.com\/index.php\/urun\/boyler-tek-serpantin\/\"]}]},{\"@type\":\"BreadcrumbList\",\"@id\":\"https:\/\/ugurluisi.com\/index.php\/urun\/boyler-tek-serpantin\/#breadcrumb\",\"itemListElement\":[{\"@type\":\"ListItem\",\"position\":1,\"name\":\"Anasayfa\",\"item\":\"https:\/\/ugurluisi.com\/\"},{\"@type\":\"ListItem\",\"position\":2,\"name\":\"\"},{\"@type\":\"ListItem\",\"position\":3,\"name\":\"Boyler Tek Serpantin\"}]}]}<\/script>\n<!-- \/ Yoast SEO plugin. -->","yoast_head_json":{"title":"Boyler Tek Serpantin - U\u011furlu Is\u0131","robots":{"index":"index","follow":"follow","max-snippet":"max-snippet:-1","max-image-preview":"max-image-preview:large","max-video-preview":"max-video-preview:-1"},"canonical":"https:\/\/ugurluisi.com\/index.php\/urun\/boyler-tek-serpantin\/","og_locale":"tr_TR","og_type":"article","og_title":"Boyler Tek Serpantin - U\u011furlu Is\u0131","og_description":"Tek Serpantin Boyler","og_url":"https:\/\/ugurluisi.com\/index.php\/urun\/boyler-tek-serpantin\/","og_site_name":"U\u011furlu Is\u0131","article_modified_time":"2022-01-05T10:17:47+00:00","og_image":[{"width":285,"height":412,"url":"https:\/\/ugurluisi.com\/wp-content\/uploads\/2021\/12\/teksrpboyler-y.png","type":"image\/png"}],"twitter_card":"summary_large_image","twitter_misc":{"Tahmini okuma s\u00fcresi":"1 dakika"},"schema":{"@context":"https:\/\/schema.org","@graph":[{"@type":"WebSite","@id":"https:\/\/ugurluisi.com\/#website","url":"https:\/\/ugurluisi.com\/","name":"U\u011furlu Is\u0131","description":"Is\u0131 Sistemleri","potentialAction":[{"@type":"SearchAction","target":{"@type":"EntryPoint","urlTemplate":"https:\/\/ugurluisi.com\/?s={search_term_string}"},"query-input":"required name=search_term_string"}],"inLanguage":"tr"},{"@type":"ImageObject","@id":"https:\/\/ugurluisi.com\/index.php\/urun\/boyler-tek-serpantin\/#primaryimage","inLanguage":"tr","url":"https:\/\/ugurluisi.com\/wp-content\/uploads\/2021\/12\/teksrpboyler-y.png","contentUrl":"https:\/\/ugurluisi.com\/wp-content\/uploads\/2021\/12\/teksrpboyler-y.png","width":285,"height":412},{"@type":"WebPage","@id":"https:\/\/ugurluisi.com\/index.php\/urun\/boyler-tek-serpantin\/#webpage","url":"https:\/\/ugurluisi.com\/index.php\/urun\/boyler-tek-serpantin\/","name":"Boyler Tek Serpantin - U\u011furlu Is\u0131","isPartOf":{"@id":"https:\/\/ugurluisi.com\/#website"},"primaryImageOfPage":{"@id":"https:\/\/ugurluisi.com\/index.php\/urun\/boyler-tek-serpantin\/#primaryimage"},"datePublished":"2022-01-03T13:37:47+00:00","dateModified":"2022-01-05T10:17:47+00:00","breadcrumb":{"@id":"https:\/\/ugurluisi.com\/index.php\/urun\/boyler-tek-serpantin\/#breadcrumb"},"inLanguage":"tr","potentialAction":[{"@type":"ReadAction","target":["https:\/\/ugurluisi.com\/index.php\/urun\/boyler-tek-serpantin\/"]}]},{"@type":"BreadcrumbList","@id":"https:\/\/ugurluisi.com\/index.php\/urun\/boyler-tek-serpantin\/#breadcrumb","itemListElement":[{"@type":"ListItem","position":1,"name":"Anasayfa","item":"https:\/\/ugurluisi.com\/"},{"@type":"ListItem","position":2,"name":""},{"@type":"ListItem","position":3,"name":"Boyler Tek Serpantin"}]}]}},"_links":{"self":[{"href":"https:\/\/ugurluisi.com\/index.php\/wp-json\/wp\/v2\/product\/1009","targetHints":{"allow":["GET"]}}],"collection":[{"href":"https:\/\/ugurluisi.com\/index.php\/wp-json\/wp\/v2\/product"}],"about":[{"href":"https:\/\/ugurluisi.com\/index.php\/wp-json\/wp\/v2\/types\/product"}],"wp:featuredmedia":[{"embeddable":true,"href":"https:\/\/ugurluisi.com\/index.php\/wp-json\/wp\/v2\/media\/988"}],"wp:attachment":[{"href":"https:\/\/ugurluisi.com\/index.php\/wp-json\/wp\/v2\/media?parent=1009"}],"wp:term":[{"taxonomy":"product_cat","embeddable":true,"href":"https:\/\/ugurluisi.com\/index.php\/wp-json\/wp\/v2\/product_cat?post=1009"},{"taxonomy":"product_tag","embeddable":true,"href":"https:\/\/ugurluisi.com\/index.php\/wp-json\/wp\/v2\/product_tag?post=1009"}],"curies":[{"name":"wp","href":"https:\/\/api.w.org\/{rel}","templated":true}]}}