{"id":1010,"date":"2022-01-03T13:49:30","date_gmt":"2022-01-03T13:49:30","guid":{"rendered":"https:\/\/ugurluisi.com\/?post_type=product&#038;p=1010"},"modified":"2022-01-03T13:49:31","modified_gmt":"2022-01-03T13:49:31","slug":"unmak-kati-yakitli-manuel-kazan","status":"publish","type":"product","link":"https:\/\/ugurluisi.com\/index.php\/urun\/unmak-kati-yakitli-manuel-kazan\/","title":{"rendered":"\u00dcnmak Kat\u0131 Yak\u0131tl\u0131 Manuel Kazan"},"content":{"rendered":"","protected":false},"excerpt":{"rendered":"<p>KATI YAKITLI MANUEL KAZAN<\/p>\n","protected":false},"featured_media":995,"template":"","meta":[],"product_cat":[],"product_tag":[],"class_list":["post-1010","product","type-product","status-publish","has-post-thumbnail","hentry"],"yoast_head":"<!-- This site is optimized with the Yoast SEO plugin v17.8 - https:\/\/yoast.com\/wordpress\/plugins\/seo\/ -->\n<title>\u00dcnmak Kat\u0131 Yak\u0131tl\u0131 Manuel Kazan - U\u011furlu Is\u0131<\/title>\n<meta name=\"robots\" content=\"index, follow, max-snippet:-1, max-image-preview:large, max-video-preview:-1\" \/>\n<link rel=\"canonical\" href=\"https:\/\/ugurluisi.com\/index.php\/urun\/unmak-kati-yakitli-manuel-kazan\/\" \/>\n<meta property=\"og:locale\" content=\"tr_TR\" \/>\n<meta property=\"og:type\" content=\"article\" \/>\n<meta property=\"og:title\" content=\"\u00dcnmak Kat\u0131 Yak\u0131tl\u0131 Manuel Kazan - U\u011furlu Is\u0131\" \/>\n<meta property=\"og:description\" content=\"KATI YAKITLI MANUEL KAZAN\" \/>\n<meta property=\"og:url\" content=\"https:\/\/ugurluisi.com\/index.php\/urun\/unmak-kati-yakitli-manuel-kazan\/\" \/>\n<meta property=\"og:site_name\" content=\"U\u011furlu Is\u0131\" \/>\n<meta property=\"article:modified_time\" content=\"2022-01-03T13:49:31+00:00\" \/>\n<meta property=\"og:image\" content=\"https:\/\/ugurluisi.com\/wp-content\/uploads\/2021\/10\/avanos-scaled.jpg\" \/>\n\t<meta property=\"og:image:width\" content=\"2560\" \/>\n\t<meta property=\"og:image:height\" content=\"1241\" \/>\n<meta name=\"twitter:card\" content=\"summary_large_image\" \/>\n<script type=\"application\/ld+json\" class=\"yoast-schema-graph\">{\"@context\":\"https:\/\/schema.org\",\"@graph\":[{\"@type\":\"WebSite\",\"@id\":\"https:\/\/ugurluisi.com\/#website\",\"url\":\"https:\/\/ugurluisi.com\/\",\"name\":\"U\\u011furlu Is\\u0131\",\"description\":\"Is\\u0131 Sistemleri\",\"potentialAction\":[{\"@type\":\"SearchAction\",\"target\":{\"@type\":\"EntryPoint\",\"urlTemplate\":\"https:\/\/ugurluisi.com\/?s={search_term_string}\"},\"query-input\":\"required name=search_term_string\"}],\"inLanguage\":\"tr\"},{\"@type\":\"ImageObject\",\"@id\":\"https:\/\/ugurluisi.com\/index.php\/urun\/unmak-kati-yakitli-manuel-kazan\/#primaryimage\",\"inLanguage\":\"tr\",\"url\":\"https:\/\/ugurluisi.com\/wp-content\/uploads\/2021\/10\/avanos-scaled.jpg\",\"contentUrl\":\"https:\/\/ugurluisi.com\/wp-content\/uploads\/2021\/10\/avanos-scaled.jpg\",\"width\":2560,\"height\":1241},{\"@type\":\"WebPage\",\"@id\":\"https:\/\/ugurluisi.com\/index.php\/urun\/unmak-kati-yakitli-manuel-kazan\/#webpage\",\"url\":\"https:\/\/ugurluisi.com\/index.php\/urun\/unmak-kati-yakitli-manuel-kazan\/\",\"name\":\"\\u00dcnmak Kat\\u0131 Yak\\u0131tl\\u0131 Manuel Kazan - U\\u011furlu Is\\u0131\",\"isPartOf\":{\"@id\":\"https:\/\/ugurluisi.com\/#website\"},\"primaryImageOfPage\":{\"@id\":\"https:\/\/ugurluisi.com\/index.php\/urun\/unmak-kati-yakitli-manuel-kazan\/#primaryimage\"},\"datePublished\":\"2022-01-03T13:49:30+00:00\",\"dateModified\":\"2022-01-03T13:49:31+00:00\",\"breadcrumb\":{\"@id\":\"https:\/\/ugurluisi.com\/index.php\/urun\/unmak-kati-yakitli-manuel-kazan\/#breadcrumb\"},\"inLanguage\":\"tr\",\"potentialAction\":[{\"@type\":\"ReadAction\",\"target\":[\"https:\/\/ugurluisi.com\/index.php\/urun\/unmak-kati-yakitli-manuel-kazan\/\"]}]},{\"@type\":\"BreadcrumbList\",\"@id\":\"https:\/\/ugurluisi.com\/index.php\/urun\/unmak-kati-yakitli-manuel-kazan\/#breadcrumb\",\"itemListElement\":[{\"@type\":\"ListItem\",\"position\":1,\"name\":\"Anasayfa\",\"item\":\"https:\/\/ugurluisi.com\/\"},{\"@type\":\"ListItem\",\"position\":2,\"name\":\"\"},{\"@type\":\"ListItem\",\"position\":3,\"name\":\"\\u00dcnmak Kat\\u0131 Yak\\u0131tl\\u0131 Manuel Kazan\"}]}]}<\/script>\n<!-- \/ Yoast SEO plugin. -->","yoast_head_json":{"title":"\u00dcnmak Kat\u0131 Yak\u0131tl\u0131 Manuel Kazan - U\u011furlu Is\u0131","robots":{"index":"index","follow":"follow","max-snippet":"max-snippet:-1","max-image-preview":"max-image-preview:large","max-video-preview":"max-video-preview:-1"},"canonical":"https:\/\/ugurluisi.com\/index.php\/urun\/unmak-kati-yakitli-manuel-kazan\/","og_locale":"tr_TR","og_type":"article","og_title":"\u00dcnmak Kat\u0131 Yak\u0131tl\u0131 Manuel Kazan - U\u011furlu Is\u0131","og_description":"KATI YAKITLI MANUEL KAZAN","og_url":"https:\/\/ugurluisi.com\/index.php\/urun\/unmak-kati-yakitli-manuel-kazan\/","og_site_name":"U\u011furlu Is\u0131","article_modified_time":"2022-01-03T13:49:31+00:00","og_image":[{"width":2560,"height":1241,"url":"https:\/\/ugurluisi.com\/wp-content\/uploads\/2021\/10\/avanos-scaled.jpg","type":"image\/jpeg"}],"twitter_card":"summary_large_image","schema":{"@context":"https:\/\/schema.org","@graph":[{"@type":"WebSite","@id":"https:\/\/ugurluisi.com\/#website","url":"https:\/\/ugurluisi.com\/","name":"U\u011furlu Is\u0131","description":"Is\u0131 Sistemleri","potentialAction":[{"@type":"SearchAction","target":{"@type":"EntryPoint","urlTemplate":"https:\/\/ugurluisi.com\/?s={search_term_string}"},"query-input":"required name=search_term_string"}],"inLanguage":"tr"},{"@type":"ImageObject","@id":"https:\/\/ugurluisi.com\/index.php\/urun\/unmak-kati-yakitli-manuel-kazan\/#primaryimage","inLanguage":"tr","url":"https:\/\/ugurluisi.com\/wp-content\/uploads\/2021\/10\/avanos-scaled.jpg","contentUrl":"https:\/\/ugurluisi.com\/wp-content\/uploads\/2021\/10\/avanos-scaled.jpg","width":2560,"height":1241},{"@type":"WebPage","@id":"https:\/\/ugurluisi.com\/index.php\/urun\/unmak-kati-yakitli-manuel-kazan\/#webpage","url":"https:\/\/ugurluisi.com\/index.php\/urun\/unmak-kati-yakitli-manuel-kazan\/","name":"\u00dcnmak Kat\u0131 Yak\u0131tl\u0131 Manuel Kazan - U\u011furlu Is\u0131","isPartOf":{"@id":"https:\/\/ugurluisi.com\/#website"},"primaryImageOfPage":{"@id":"https:\/\/ugurluisi.com\/index.php\/urun\/unmak-kati-yakitli-manuel-kazan\/#primaryimage"},"datePublished":"2022-01-03T13:49:30+00:00","dateModified":"2022-01-03T13:49:31+00:00","breadcrumb":{"@id":"https:\/\/ugurluisi.com\/index.php\/urun\/unmak-kati-yakitli-manuel-kazan\/#breadcrumb"},"inLanguage":"tr","potentialAction":[{"@type":"ReadAction","target":["https:\/\/ugurluisi.com\/index.php\/urun\/unmak-kati-yakitli-manuel-kazan\/"]}]},{"@type":"BreadcrumbList","@id":"https:\/\/ugurluisi.com\/index.php\/urun\/unmak-kati-yakitli-manuel-kazan\/#breadcrumb","itemListElement":[{"@type":"ListItem","position":1,"name":"Anasayfa","item":"https:\/\/ugurluisi.com\/"},{"@type":"ListItem","position":2,"name":""},{"@type":"ListItem","position":3,"name":"\u00dcnmak Kat\u0131 Yak\u0131tl\u0131 Manuel Kazan"}]}]}},"_links":{"self":[{"href":"https:\/\/ugurluisi.com\/index.php\/wp-json\/wp\/v2\/product\/1010","targetHints":{"allow":["GET"]}}],"collection":[{"href":"https:\/\/ugurluisi.com\/index.php\/wp-json\/wp\/v2\/product"}],"about":[{"href":"https:\/\/ugurluisi.com\/index.php\/wp-json\/wp\/v2\/types\/product"}],"wp:featuredmedia":[{"embeddable":true,"href":"https:\/\/ugurluisi.com\/index.php\/wp-json\/wp\/v2\/media\/995"}],"wp:attachment":[{"href":"https:\/\/ugurluisi.com\/index.php\/wp-json\/wp\/v2\/media?parent=1010"}],"wp:term":[{"taxonomy":"product_cat","embeddable":true,"href":"https:\/\/ugurluisi.com\/index.php\/wp-json\/wp\/v2\/product_cat?post=1010"},{"taxonomy":"product_tag","embeddable":true,"href":"https:\/\/ugurluisi.com\/index.php\/wp-json\/wp\/v2\/product_tag?post=1010"}],"curies":[{"name":"wp","href":"https:\/\/api.w.org\/{rel}","templated":true}]}}