{"id":1015,"date":"2022-01-05T10:25:46","date_gmt":"2022-01-05T10:25:46","guid":{"rendered":"https:\/\/ugurluisi.com\/?post_type=product&#038;p=1015"},"modified":"2022-01-05T10:28:58","modified_gmt":"2022-01-05T10:28:58","slug":"cift-serpantin-boyler","status":"publish","type":"product","link":"https:\/\/ugurluisi.com\/index.php\/urun\/cift-serpantin-boyler\/","title":{"rendered":"\u00c7ift Serpantin Boyler"},"content":{"rendered":"<p><img decoding=\"async\" class=\"alignnone size-medium wp-image-1016\" src=\"https:\/\/ugurluisi.com\/wp-content\/uploads\/2022\/01\/ciftsrpboyler_y-200x300.png\" alt=\"\" width=\"200\" height=\"300\" srcset=\"https:\/\/ugurluisi.com\/wp-content\/uploads\/2022\/01\/ciftsrpboyler_y-200x300.png 200w, https:\/\/ugurluisi.com\/wp-content\/uploads\/2022\/01\/ciftsrpboyler_y-97x146.png 97w, https:\/\/ugurluisi.com\/wp-content\/uploads\/2022\/01\/ciftsrpboyler_y-33x50.png 33w, https:\/\/ugurluisi.com\/wp-content\/uploads\/2022\/01\/ciftsrpboyler_y-50x75.png 50w, https:\/\/ugurluisi.com\/wp-content\/uploads\/2022\/01\/ciftsrpboyler_y.png 350w\" sizes=\"(max-width: 200px) 100vw, 200px\" \/><\/p>\n","protected":false},"excerpt":{"rendered":"<p><span class=\"font-weight-300\">Boilera Elegance<\/span><br \/>\n\u00c7ift Serpantinli Boyler<\/p>\n","protected":false},"featured_media":1016,"template":"","meta":[],"product_cat":[],"product_tag":[],"class_list":["post-1015","product","type-product","status-publish","has-post-thumbnail","hentry"],"yoast_head":"<!-- This site is optimized with the Yoast SEO plugin v17.8 - https:\/\/yoast.com\/wordpress\/plugins\/seo\/ -->\n<title>\u00c7ift Serpantin Boyler - U\u011furlu Is\u0131<\/title>\n<meta name=\"robots\" content=\"index, follow, max-snippet:-1, max-image-preview:large, max-video-preview:-1\" \/>\n<link rel=\"canonical\" href=\"https:\/\/ugurluisi.com\/index.php\/urun\/cift-serpantin-boyler\/\" \/>\n<meta property=\"og:locale\" content=\"tr_TR\" \/>\n<meta property=\"og:type\" content=\"article\" \/>\n<meta property=\"og:title\" content=\"\u00c7ift Serpantin Boyler - U\u011furlu Is\u0131\" \/>\n<meta property=\"og:description\" content=\"Boilera Elegance \u00c7ift Serpantinli Boyler\" \/>\n<meta property=\"og:url\" content=\"https:\/\/ugurluisi.com\/index.php\/urun\/cift-serpantin-boyler\/\" \/>\n<meta property=\"og:site_name\" content=\"U\u011furlu Is\u0131\" \/>\n<meta property=\"article:modified_time\" content=\"2022-01-05T10:28:58+00:00\" \/>\n<meta property=\"og:image\" content=\"https:\/\/ugurluisi.com\/wp-content\/uploads\/2022\/01\/ciftsrpboyler_y.png\" \/>\n\t<meta property=\"og:image:width\" content=\"350\" \/>\n\t<meta property=\"og:image:height\" content=\"526\" \/>\n<meta name=\"twitter:card\" content=\"summary_large_image\" \/>\n<meta name=\"twitter:label1\" content=\"Tahmini okuma s\u00fcresi\" \/>\n\t<meta name=\"twitter:data1\" content=\"1 dakika\" \/>\n<script type=\"application\/ld+json\" class=\"yoast-schema-graph\">{\"@context\":\"https:\/\/schema.org\",\"@graph\":[{\"@type\":\"WebSite\",\"@id\":\"https:\/\/ugurluisi.com\/#website\",\"url\":\"https:\/\/ugurluisi.com\/\",\"name\":\"U\\u011furlu Is\\u0131\",\"description\":\"Is\\u0131 Sistemleri\",\"potentialAction\":[{\"@type\":\"SearchAction\",\"target\":{\"@type\":\"EntryPoint\",\"urlTemplate\":\"https:\/\/ugurluisi.com\/?s={search_term_string}\"},\"query-input\":\"required name=search_term_string\"}],\"inLanguage\":\"tr\"},{\"@type\":\"ImageObject\",\"@id\":\"https:\/\/ugurluisi.com\/index.php\/urun\/cift-serpantin-boyler\/#primaryimage\",\"inLanguage\":\"tr\",\"url\":\"https:\/\/ugurluisi.com\/wp-content\/uploads\/2022\/01\/ciftsrpboyler_y.png\",\"contentUrl\":\"https:\/\/ugurluisi.com\/wp-content\/uploads\/2022\/01\/ciftsrpboyler_y.png\",\"width\":350,\"height\":526},{\"@type\":\"WebPage\",\"@id\":\"https:\/\/ugurluisi.com\/index.php\/urun\/cift-serpantin-boyler\/#webpage\",\"url\":\"https:\/\/ugurluisi.com\/index.php\/urun\/cift-serpantin-boyler\/\",\"name\":\"\\u00c7ift Serpantin Boyler - U\\u011furlu Is\\u0131\",\"isPartOf\":{\"@id\":\"https:\/\/ugurluisi.com\/#website\"},\"primaryImageOfPage\":{\"@id\":\"https:\/\/ugurluisi.com\/index.php\/urun\/cift-serpantin-boyler\/#primaryimage\"},\"datePublished\":\"2022-01-05T10:25:46+00:00\",\"dateModified\":\"2022-01-05T10:28:58+00:00\",\"breadcrumb\":{\"@id\":\"https:\/\/ugurluisi.com\/index.php\/urun\/cift-serpantin-boyler\/#breadcrumb\"},\"inLanguage\":\"tr\",\"potentialAction\":[{\"@type\":\"ReadAction\",\"target\":[\"https:\/\/ugurluisi.com\/index.php\/urun\/cift-serpantin-boyler\/\"]}]},{\"@type\":\"BreadcrumbList\",\"@id\":\"https:\/\/ugurluisi.com\/index.php\/urun\/cift-serpantin-boyler\/#breadcrumb\",\"itemListElement\":[{\"@type\":\"ListItem\",\"position\":1,\"name\":\"Anasayfa\",\"item\":\"https:\/\/ugurluisi.com\/\"},{\"@type\":\"ListItem\",\"position\":2,\"name\":\"\"},{\"@type\":\"ListItem\",\"position\":3,\"name\":\"\\u00c7ift Serpantin Boyler\"}]}]}<\/script>\n<!-- \/ Yoast SEO plugin. -->","yoast_head_json":{"title":"\u00c7ift Serpantin Boyler - U\u011furlu Is\u0131","robots":{"index":"index","follow":"follow","max-snippet":"max-snippet:-1","max-image-preview":"max-image-preview:large","max-video-preview":"max-video-preview:-1"},"canonical":"https:\/\/ugurluisi.com\/index.php\/urun\/cift-serpantin-boyler\/","og_locale":"tr_TR","og_type":"article","og_title":"\u00c7ift Serpantin Boyler - U\u011furlu Is\u0131","og_description":"Boilera Elegance \u00c7ift Serpantinli Boyler","og_url":"https:\/\/ugurluisi.com\/index.php\/urun\/cift-serpantin-boyler\/","og_site_name":"U\u011furlu Is\u0131","article_modified_time":"2022-01-05T10:28:58+00:00","og_image":[{"width":350,"height":526,"url":"https:\/\/ugurluisi.com\/wp-content\/uploads\/2022\/01\/ciftsrpboyler_y.png","type":"image\/png"}],"twitter_card":"summary_large_image","twitter_misc":{"Tahmini okuma s\u00fcresi":"1 dakika"},"schema":{"@context":"https:\/\/schema.org","@graph":[{"@type":"WebSite","@id":"https:\/\/ugurluisi.com\/#website","url":"https:\/\/ugurluisi.com\/","name":"U\u011furlu Is\u0131","description":"Is\u0131 Sistemleri","potentialAction":[{"@type":"SearchAction","target":{"@type":"EntryPoint","urlTemplate":"https:\/\/ugurluisi.com\/?s={search_term_string}"},"query-input":"required name=search_term_string"}],"inLanguage":"tr"},{"@type":"ImageObject","@id":"https:\/\/ugurluisi.com\/index.php\/urun\/cift-serpantin-boyler\/#primaryimage","inLanguage":"tr","url":"https:\/\/ugurluisi.com\/wp-content\/uploads\/2022\/01\/ciftsrpboyler_y.png","contentUrl":"https:\/\/ugurluisi.com\/wp-content\/uploads\/2022\/01\/ciftsrpboyler_y.png","width":350,"height":526},{"@type":"WebPage","@id":"https:\/\/ugurluisi.com\/index.php\/urun\/cift-serpantin-boyler\/#webpage","url":"https:\/\/ugurluisi.com\/index.php\/urun\/cift-serpantin-boyler\/","name":"\u00c7ift Serpantin Boyler - U\u011furlu Is\u0131","isPartOf":{"@id":"https:\/\/ugurluisi.com\/#website"},"primaryImageOfPage":{"@id":"https:\/\/ugurluisi.com\/index.php\/urun\/cift-serpantin-boyler\/#primaryimage"},"datePublished":"2022-01-05T10:25:46+00:00","dateModified":"2022-01-05T10:28:58+00:00","breadcrumb":{"@id":"https:\/\/ugurluisi.com\/index.php\/urun\/cift-serpantin-boyler\/#breadcrumb"},"inLanguage":"tr","potentialAction":[{"@type":"ReadAction","target":["https:\/\/ugurluisi.com\/index.php\/urun\/cift-serpantin-boyler\/"]}]},{"@type":"BreadcrumbList","@id":"https:\/\/ugurluisi.com\/index.php\/urun\/cift-serpantin-boyler\/#breadcrumb","itemListElement":[{"@type":"ListItem","position":1,"name":"Anasayfa","item":"https:\/\/ugurluisi.com\/"},{"@type":"ListItem","position":2,"name":""},{"@type":"ListItem","position":3,"name":"\u00c7ift Serpantin Boyler"}]}]}},"_links":{"self":[{"href":"https:\/\/ugurluisi.com\/index.php\/wp-json\/wp\/v2\/product\/1015","targetHints":{"allow":["GET"]}}],"collection":[{"href":"https:\/\/ugurluisi.com\/index.php\/wp-json\/wp\/v2\/product"}],"about":[{"href":"https:\/\/ugurluisi.com\/index.php\/wp-json\/wp\/v2\/types\/product"}],"wp:featuredmedia":[{"embeddable":true,"href":"https:\/\/ugurluisi.com\/index.php\/wp-json\/wp\/v2\/media\/1016"}],"wp:attachment":[{"href":"https:\/\/ugurluisi.com\/index.php\/wp-json\/wp\/v2\/media?parent=1015"}],"wp:term":[{"taxonomy":"product_cat","embeddable":true,"href":"https:\/\/ugurluisi.com\/index.php\/wp-json\/wp\/v2\/product_cat?post=1015"},{"taxonomy":"product_tag","embeddable":true,"href":"https:\/\/ugurluisi.com\/index.php\/wp-json\/wp\/v2\/product_tag?post=1015"}],"curies":[{"name":"wp","href":"https:\/\/api.w.org\/{rel}","templated":true}]}}