{"id":1031,"date":"2023-05-23T09:42:02","date_gmt":"2023-05-23T09:42:02","guid":{"rendered":"https:\/\/ugurluisi.com\/?post_type=product&#038;p=1031"},"modified":"2023-05-23T09:47:42","modified_gmt":"2023-05-23T09:47:42","slug":"vakum-tuplu-gunes-enerjisi","status":"publish","type":"product","link":"https:\/\/ugurluisi.com\/index.php\/urun\/vakum-tuplu-gunes-enerjisi\/","title":{"rendered":"Vakum T\u00fcpl\u00fc G\u00fcne\u015f Enerjisi"},"content":{"rendered":"<p><img decoding=\"async\" class=\"alignnone size-full wp-image-1032\" src=\"https:\/\/ugurluisi.com\/wp-content\/uploads\/2023\/05\/ERASLAN-COKLU.jpeg\" alt=\"\" width=\"219\" height=\"230\" srcset=\"https:\/\/ugurluisi.com\/wp-content\/uploads\/2023\/05\/ERASLAN-COKLU.jpeg 219w, https:\/\/ugurluisi.com\/wp-content\/uploads\/2023\/05\/ERASLAN-COKLU-139x146.jpeg 139w, https:\/\/ugurluisi.com\/wp-content\/uploads\/2023\/05\/ERASLAN-COKLU-48x50.jpeg 48w, https:\/\/ugurluisi.com\/wp-content\/uploads\/2023\/05\/ERASLAN-COKLU-71x75.jpeg 71w\" sizes=\"(max-width: 219px) 100vw, 219px\" \/><\/p>\n","protected":false},"excerpt":{"rendered":"","protected":false},"featured_media":1033,"template":"","meta":[],"product_cat":[],"product_tag":[],"class_list":["post-1031","product","type-product","status-publish","has-post-thumbnail","hentry"],"yoast_head":"<!-- This site is optimized with the Yoast SEO plugin v17.8 - https:\/\/yoast.com\/wordpress\/plugins\/seo\/ -->\n<title>Vakum T\u00fcpl\u00fc G\u00fcne\u015f Enerjisi - U\u011furlu Is\u0131<\/title>\n<meta name=\"description\" content=\"yeni nesil g\u00fcne\u015f enerjileri 4 mevsim kullanabilece\u011finiz enerjilerdir. krom \u00e7elik depolar\u0131yla temiz s\u0131cak su i\u00e7in tart\u0131\u015fmas\u0131z lider firma olan eraslan g\u00fcne\u015f enerjileri \u00e7orum bayi u\u011furlu \u0131s\u0131.\" \/>\n<meta name=\"robots\" content=\"index, follow, max-snippet:-1, max-image-preview:large, max-video-preview:-1\" \/>\n<link rel=\"canonical\" href=\"https:\/\/ugurluisi.com\/index.php\/urun\/vakum-tuplu-gunes-enerjisi\/\" \/>\n<meta property=\"og:locale\" content=\"tr_TR\" \/>\n<meta property=\"og:type\" content=\"article\" \/>\n<meta property=\"og:title\" content=\"Vakum T\u00fcpl\u00fc G\u00fcne\u015f Enerjisi - U\u011furlu Is\u0131\" \/>\n<meta property=\"og:description\" content=\"yeni nesil g\u00fcne\u015f enerjileri 4 mevsim kullanabilece\u011finiz enerjilerdir. krom \u00e7elik depolar\u0131yla temiz s\u0131cak su i\u00e7in tart\u0131\u015fmas\u0131z lider firma olan eraslan g\u00fcne\u015f enerjileri \u00e7orum bayi u\u011furlu \u0131s\u0131.\" \/>\n<meta property=\"og:url\" content=\"https:\/\/ugurluisi.com\/index.php\/urun\/vakum-tuplu-gunes-enerjisi\/\" \/>\n<meta property=\"og:site_name\" content=\"U\u011furlu Is\u0131\" \/>\n<meta property=\"article:modified_time\" content=\"2023-05-23T09:47:42+00:00\" \/>\n<meta property=\"og:image\" content=\"https:\/\/ugurluisi.com\/wp-content\/uploads\/2023\/05\/ERASLAN-KISI.jpeg\" \/>\n\t<meta property=\"og:image:width\" content=\"183\" \/>\n\t<meta property=\"og:image:height\" content=\"275\" \/>\n<meta name=\"twitter:card\" content=\"summary_large_image\" \/>\n<script type=\"application\/ld+json\" class=\"yoast-schema-graph\">{\"@context\":\"https:\/\/schema.org\",\"@graph\":[{\"@type\":\"WebSite\",\"@id\":\"https:\/\/ugurluisi.com\/#website\",\"url\":\"https:\/\/ugurluisi.com\/\",\"name\":\"U\\u011furlu Is\\u0131\",\"description\":\"Is\\u0131 Sistemleri\",\"potentialAction\":[{\"@type\":\"SearchAction\",\"target\":{\"@type\":\"EntryPoint\",\"urlTemplate\":\"https:\/\/ugurluisi.com\/?s={search_term_string}\"},\"query-input\":\"required name=search_term_string\"}],\"inLanguage\":\"tr\"},{\"@type\":\"ImageObject\",\"@id\":\"https:\/\/ugurluisi.com\/index.php\/urun\/vakum-tuplu-gunes-enerjisi\/#primaryimage\",\"inLanguage\":\"tr\",\"url\":\"https:\/\/ugurluisi.com\/wp-content\/uploads\/2023\/05\/ERASLAN-KISI.jpeg\",\"contentUrl\":\"https:\/\/ugurluisi.com\/wp-content\/uploads\/2023\/05\/ERASLAN-KISI.jpeg\",\"width\":183,\"height\":275},{\"@type\":\"WebPage\",\"@id\":\"https:\/\/ugurluisi.com\/index.php\/urun\/vakum-tuplu-gunes-enerjisi\/#webpage\",\"url\":\"https:\/\/ugurluisi.com\/index.php\/urun\/vakum-tuplu-gunes-enerjisi\/\",\"name\":\"Vakum T\\u00fcpl\\u00fc G\\u00fcne\\u015f Enerjisi - U\\u011furlu Is\\u0131\",\"isPartOf\":{\"@id\":\"https:\/\/ugurluisi.com\/#website\"},\"primaryImageOfPage\":{\"@id\":\"https:\/\/ugurluisi.com\/index.php\/urun\/vakum-tuplu-gunes-enerjisi\/#primaryimage\"},\"datePublished\":\"2023-05-23T09:42:02+00:00\",\"dateModified\":\"2023-05-23T09:47:42+00:00\",\"description\":\"yeni nesil g\\u00fcne\\u015f enerjileri 4 mevsim kullanabilece\\u011finiz enerjilerdir. krom \\u00e7elik depolar\\u0131yla temiz s\\u0131cak su i\\u00e7in tart\\u0131\\u015fmas\\u0131z lider firma olan eraslan g\\u00fcne\\u015f enerjileri \\u00e7orum bayi u\\u011furlu \\u0131s\\u0131.\",\"breadcrumb\":{\"@id\":\"https:\/\/ugurluisi.com\/index.php\/urun\/vakum-tuplu-gunes-enerjisi\/#breadcrumb\"},\"inLanguage\":\"tr\",\"potentialAction\":[{\"@type\":\"ReadAction\",\"target\":[\"https:\/\/ugurluisi.com\/index.php\/urun\/vakum-tuplu-gunes-enerjisi\/\"]}]},{\"@type\":\"BreadcrumbList\",\"@id\":\"https:\/\/ugurluisi.com\/index.php\/urun\/vakum-tuplu-gunes-enerjisi\/#breadcrumb\",\"itemListElement\":[{\"@type\":\"ListItem\",\"position\":1,\"name\":\"Anasayfa\",\"item\":\"https:\/\/ugurluisi.com\/\"},{\"@type\":\"ListItem\",\"position\":2,\"name\":\"\"},{\"@type\":\"ListItem\",\"position\":3,\"name\":\"Vakum T\\u00fcpl\\u00fc G\\u00fcne\\u015f Enerjisi\"}]}]}<\/script>\n<!-- \/ Yoast SEO plugin. -->","yoast_head_json":{"title":"Vakum T\u00fcpl\u00fc G\u00fcne\u015f Enerjisi - U\u011furlu Is\u0131","description":"yeni nesil g\u00fcne\u015f enerjileri 4 mevsim kullanabilece\u011finiz enerjilerdir. krom \u00e7elik depolar\u0131yla temiz s\u0131cak su i\u00e7in tart\u0131\u015fmas\u0131z lider firma olan eraslan g\u00fcne\u015f enerjileri \u00e7orum bayi u\u011furlu \u0131s\u0131.","robots":{"index":"index","follow":"follow","max-snippet":"max-snippet:-1","max-image-preview":"max-image-preview:large","max-video-preview":"max-video-preview:-1"},"canonical":"https:\/\/ugurluisi.com\/index.php\/urun\/vakum-tuplu-gunes-enerjisi\/","og_locale":"tr_TR","og_type":"article","og_title":"Vakum T\u00fcpl\u00fc G\u00fcne\u015f Enerjisi - U\u011furlu Is\u0131","og_description":"yeni nesil g\u00fcne\u015f enerjileri 4 mevsim kullanabilece\u011finiz enerjilerdir. krom \u00e7elik depolar\u0131yla temiz s\u0131cak su i\u00e7in tart\u0131\u015fmas\u0131z lider firma olan eraslan g\u00fcne\u015f enerjileri \u00e7orum bayi u\u011furlu \u0131s\u0131.","og_url":"https:\/\/ugurluisi.com\/index.php\/urun\/vakum-tuplu-gunes-enerjisi\/","og_site_name":"U\u011furlu Is\u0131","article_modified_time":"2023-05-23T09:47:42+00:00","og_image":[{"width":183,"height":275,"url":"https:\/\/ugurluisi.com\/wp-content\/uploads\/2023\/05\/ERASLAN-KISI.jpeg","type":"image\/jpeg"}],"twitter_card":"summary_large_image","schema":{"@context":"https:\/\/schema.org","@graph":[{"@type":"WebSite","@id":"https:\/\/ugurluisi.com\/#website","url":"https:\/\/ugurluisi.com\/","name":"U\u011furlu Is\u0131","description":"Is\u0131 Sistemleri","potentialAction":[{"@type":"SearchAction","target":{"@type":"EntryPoint","urlTemplate":"https:\/\/ugurluisi.com\/?s={search_term_string}"},"query-input":"required name=search_term_string"}],"inLanguage":"tr"},{"@type":"ImageObject","@id":"https:\/\/ugurluisi.com\/index.php\/urun\/vakum-tuplu-gunes-enerjisi\/#primaryimage","inLanguage":"tr","url":"https:\/\/ugurluisi.com\/wp-content\/uploads\/2023\/05\/ERASLAN-KISI.jpeg","contentUrl":"https:\/\/ugurluisi.com\/wp-content\/uploads\/2023\/05\/ERASLAN-KISI.jpeg","width":183,"height":275},{"@type":"WebPage","@id":"https:\/\/ugurluisi.com\/index.php\/urun\/vakum-tuplu-gunes-enerjisi\/#webpage","url":"https:\/\/ugurluisi.com\/index.php\/urun\/vakum-tuplu-gunes-enerjisi\/","name":"Vakum T\u00fcpl\u00fc G\u00fcne\u015f Enerjisi - U\u011furlu Is\u0131","isPartOf":{"@id":"https:\/\/ugurluisi.com\/#website"},"primaryImageOfPage":{"@id":"https:\/\/ugurluisi.com\/index.php\/urun\/vakum-tuplu-gunes-enerjisi\/#primaryimage"},"datePublished":"2023-05-23T09:42:02+00:00","dateModified":"2023-05-23T09:47:42+00:00","description":"yeni nesil g\u00fcne\u015f enerjileri 4 mevsim kullanabilece\u011finiz enerjilerdir. krom \u00e7elik depolar\u0131yla temiz s\u0131cak su i\u00e7in tart\u0131\u015fmas\u0131z lider firma olan eraslan g\u00fcne\u015f enerjileri \u00e7orum bayi u\u011furlu \u0131s\u0131.","breadcrumb":{"@id":"https:\/\/ugurluisi.com\/index.php\/urun\/vakum-tuplu-gunes-enerjisi\/#breadcrumb"},"inLanguage":"tr","potentialAction":[{"@type":"ReadAction","target":["https:\/\/ugurluisi.com\/index.php\/urun\/vakum-tuplu-gunes-enerjisi\/"]}]},{"@type":"BreadcrumbList","@id":"https:\/\/ugurluisi.com\/index.php\/urun\/vakum-tuplu-gunes-enerjisi\/#breadcrumb","itemListElement":[{"@type":"ListItem","position":1,"name":"Anasayfa","item":"https:\/\/ugurluisi.com\/"},{"@type":"ListItem","position":2,"name":""},{"@type":"ListItem","position":3,"name":"Vakum T\u00fcpl\u00fc G\u00fcne\u015f Enerjisi"}]}]}},"_links":{"self":[{"href":"https:\/\/ugurluisi.com\/index.php\/wp-json\/wp\/v2\/product\/1031","targetHints":{"allow":["GET"]}}],"collection":[{"href":"https:\/\/ugurluisi.com\/index.php\/wp-json\/wp\/v2\/product"}],"about":[{"href":"https:\/\/ugurluisi.com\/index.php\/wp-json\/wp\/v2\/types\/product"}],"wp:featuredmedia":[{"embeddable":true,"href":"https:\/\/ugurluisi.com\/index.php\/wp-json\/wp\/v2\/media\/1033"}],"wp:attachment":[{"href":"https:\/\/ugurluisi.com\/index.php\/wp-json\/wp\/v2\/media?parent=1031"}],"wp:term":[{"taxonomy":"product_cat","embeddable":true,"href":"https:\/\/ugurluisi.com\/index.php\/wp-json\/wp\/v2\/product_cat?post=1031"},{"taxonomy":"product_tag","embeddable":true,"href":"https:\/\/ugurluisi.com\/index.php\/wp-json\/wp\/v2\/product_tag?post=1031"}],"curies":[{"name":"wp","href":"https:\/\/api.w.org\/{rel}","templated":true}]}}