{"id":561,"date":"2021-10-30T23:10:02","date_gmt":"2021-10-30T23:10:02","guid":{"rendered":"https:\/\/ugurluisi.com\/index.php\/urun\/logamax-plus-gb022i\/"},"modified":"2021-10-30T23:10:02","modified_gmt":"2021-10-30T23:10:02","slug":"logamax-plus-gb022i","status":"publish","type":"product","link":"https:\/\/ugurluisi.com\/index.php\/urun\/logamax-plus-gb022i\/","title":{"rendered":"Logamax plus GB022i"},"content":{"rendered":"<p>Duvar tipi yo\u011fu\u015fmal\u0131 kombi Logamax plus GB022i \u00fcst\u00fcn uyumluluk \u00f6zelli\u011fi ve y\u00fcksek dayan\u0131kl\u0131l\u0131\u011f\u0131yla g\u00fcvenli s\u0131cak su ve \u0131s\u0131nma imkan\u0131 sunuyor.26 kW ile y\u00fcksek s\u0131cak kullan\u0131m suyu kapasitesi,<\/p>\n","protected":false},"excerpt":{"rendered":"<p>Yo\u011fu\u015fmal\u0131 Kombi<\/p>\n","protected":false},"featured_media":138,"template":"","meta":[],"product_cat":[],"product_tag":[],"class_list":["post-561","product","type-product","status-publish","has-post-thumbnail","hentry"],"yoast_head":"<!-- This site is optimized with the Yoast SEO plugin v17.8 - https:\/\/yoast.com\/wordpress\/plugins\/seo\/ -->\n<title>Logamax plus GB022i - U\u011furlu Is\u0131<\/title>\n<meta name=\"robots\" content=\"index, follow, max-snippet:-1, max-image-preview:large, max-video-preview:-1\" \/>\n<link rel=\"canonical\" href=\"https:\/\/ugurluisi.com\/index.php\/urun\/logamax-plus-gb022i\/\" \/>\n<meta property=\"og:locale\" content=\"tr_TR\" \/>\n<meta property=\"og:type\" content=\"article\" \/>\n<meta property=\"og:title\" content=\"Logamax plus GB022i - U\u011furlu Is\u0131\" \/>\n<meta property=\"og:description\" content=\"Yo\u011fu\u015fmal\u0131 Kombi\" \/>\n<meta property=\"og:url\" content=\"https:\/\/ugurluisi.com\/index.php\/urun\/logamax-plus-gb022i\/\" \/>\n<meta property=\"og:site_name\" content=\"U\u011furlu Is\u0131\" \/>\n<meta property=\"og:image\" content=\"https:\/\/ugurluisi.com\/wp-content\/uploads\/2021\/09\/urun-1.jpg\" \/>\n\t<meta property=\"og:image:width\" content=\"1024\" \/>\n\t<meta property=\"og:image:height\" content=\"1024\" \/>\n<meta name=\"twitter:card\" content=\"summary_large_image\" \/>\n<script type=\"application\/ld+json\" class=\"yoast-schema-graph\">{\"@context\":\"https:\/\/schema.org\",\"@graph\":[{\"@type\":\"WebSite\",\"@id\":\"https:\/\/ugurluisi.com\/#website\",\"url\":\"https:\/\/ugurluisi.com\/\",\"name\":\"U\\u011furlu Is\\u0131\",\"description\":\"Is\\u0131 Sistemleri\",\"potentialAction\":[{\"@type\":\"SearchAction\",\"target\":{\"@type\":\"EntryPoint\",\"urlTemplate\":\"https:\/\/ugurluisi.com\/?s={search_term_string}\"},\"query-input\":\"required name=search_term_string\"}],\"inLanguage\":\"tr\"},{\"@type\":\"ImageObject\",\"@id\":\"https:\/\/ugurluisi.com\/index.php\/urun\/logamax-plus-gb022i\/#primaryimage\",\"inLanguage\":\"tr\",\"url\":\"https:\/\/ugurluisi.com\/wp-content\/uploads\/2021\/09\/urun-1.jpg\",\"contentUrl\":\"https:\/\/ugurluisi.com\/wp-content\/uploads\/2021\/09\/urun-1.jpg\",\"width\":1024,\"height\":1024},{\"@type\":\"WebPage\",\"@id\":\"https:\/\/ugurluisi.com\/index.php\/urun\/logamax-plus-gb022i\/#webpage\",\"url\":\"https:\/\/ugurluisi.com\/index.php\/urun\/logamax-plus-gb022i\/\",\"name\":\"Logamax plus GB022i - U\\u011furlu Is\\u0131\",\"isPartOf\":{\"@id\":\"https:\/\/ugurluisi.com\/#website\"},\"primaryImageOfPage\":{\"@id\":\"https:\/\/ugurluisi.com\/index.php\/urun\/logamax-plus-gb022i\/#primaryimage\"},\"datePublished\":\"2021-10-30T23:10:02+00:00\",\"dateModified\":\"2021-10-30T23:10:02+00:00\",\"breadcrumb\":{\"@id\":\"https:\/\/ugurluisi.com\/index.php\/urun\/logamax-plus-gb022i\/#breadcrumb\"},\"inLanguage\":\"tr\",\"potentialAction\":[{\"@type\":\"ReadAction\",\"target\":[\"https:\/\/ugurluisi.com\/index.php\/urun\/logamax-plus-gb022i\/\"]}]},{\"@type\":\"BreadcrumbList\",\"@id\":\"https:\/\/ugurluisi.com\/index.php\/urun\/logamax-plus-gb022i\/#breadcrumb\",\"itemListElement\":[{\"@type\":\"ListItem\",\"position\":1,\"name\":\"Anasayfa\",\"item\":\"https:\/\/ugurluisi.com\/\"},{\"@type\":\"ListItem\",\"position\":2,\"name\":\"\"},{\"@type\":\"ListItem\",\"position\":3,\"name\":\"Logamax plus GB022i\"}]}]}<\/script>\n<!-- \/ Yoast SEO plugin. -->","yoast_head_json":{"title":"Logamax plus GB022i - U\u011furlu Is\u0131","robots":{"index":"index","follow":"follow","max-snippet":"max-snippet:-1","max-image-preview":"max-image-preview:large","max-video-preview":"max-video-preview:-1"},"canonical":"https:\/\/ugurluisi.com\/index.php\/urun\/logamax-plus-gb022i\/","og_locale":"tr_TR","og_type":"article","og_title":"Logamax plus GB022i - U\u011furlu Is\u0131","og_description":"Yo\u011fu\u015fmal\u0131 Kombi","og_url":"https:\/\/ugurluisi.com\/index.php\/urun\/logamax-plus-gb022i\/","og_site_name":"U\u011furlu Is\u0131","og_image":[{"width":1024,"height":1024,"url":"https:\/\/ugurluisi.com\/wp-content\/uploads\/2021\/09\/urun-1.jpg","type":"image\/jpeg"}],"twitter_card":"summary_large_image","schema":{"@context":"https:\/\/schema.org","@graph":[{"@type":"WebSite","@id":"https:\/\/ugurluisi.com\/#website","url":"https:\/\/ugurluisi.com\/","name":"U\u011furlu Is\u0131","description":"Is\u0131 Sistemleri","potentialAction":[{"@type":"SearchAction","target":{"@type":"EntryPoint","urlTemplate":"https:\/\/ugurluisi.com\/?s={search_term_string}"},"query-input":"required name=search_term_string"}],"inLanguage":"tr"},{"@type":"ImageObject","@id":"https:\/\/ugurluisi.com\/index.php\/urun\/logamax-plus-gb022i\/#primaryimage","inLanguage":"tr","url":"https:\/\/ugurluisi.com\/wp-content\/uploads\/2021\/09\/urun-1.jpg","contentUrl":"https:\/\/ugurluisi.com\/wp-content\/uploads\/2021\/09\/urun-1.jpg","width":1024,"height":1024},{"@type":"WebPage","@id":"https:\/\/ugurluisi.com\/index.php\/urun\/logamax-plus-gb022i\/#webpage","url":"https:\/\/ugurluisi.com\/index.php\/urun\/logamax-plus-gb022i\/","name":"Logamax plus GB022i - U\u011furlu Is\u0131","isPartOf":{"@id":"https:\/\/ugurluisi.com\/#website"},"primaryImageOfPage":{"@id":"https:\/\/ugurluisi.com\/index.php\/urun\/logamax-plus-gb022i\/#primaryimage"},"datePublished":"2021-10-30T23:10:02+00:00","dateModified":"2021-10-30T23:10:02+00:00","breadcrumb":{"@id":"https:\/\/ugurluisi.com\/index.php\/urun\/logamax-plus-gb022i\/#breadcrumb"},"inLanguage":"tr","potentialAction":[{"@type":"ReadAction","target":["https:\/\/ugurluisi.com\/index.php\/urun\/logamax-plus-gb022i\/"]}]},{"@type":"BreadcrumbList","@id":"https:\/\/ugurluisi.com\/index.php\/urun\/logamax-plus-gb022i\/#breadcrumb","itemListElement":[{"@type":"ListItem","position":1,"name":"Anasayfa","item":"https:\/\/ugurluisi.com\/"},{"@type":"ListItem","position":2,"name":""},{"@type":"ListItem","position":3,"name":"Logamax plus GB022i"}]}]}},"_links":{"self":[{"href":"https:\/\/ugurluisi.com\/index.php\/wp-json\/wp\/v2\/product\/561","targetHints":{"allow":["GET"]}}],"collection":[{"href":"https:\/\/ugurluisi.com\/index.php\/wp-json\/wp\/v2\/product"}],"about":[{"href":"https:\/\/ugurluisi.com\/index.php\/wp-json\/wp\/v2\/types\/product"}],"wp:featuredmedia":[{"embeddable":true,"href":"https:\/\/ugurluisi.com\/index.php\/wp-json\/wp\/v2\/media\/138"}],"wp:attachment":[{"href":"https:\/\/ugurluisi.com\/index.php\/wp-json\/wp\/v2\/media?parent=561"}],"wp:term":[{"taxonomy":"product_cat","embeddable":true,"href":"https:\/\/ugurluisi.com\/index.php\/wp-json\/wp\/v2\/product_cat?post=561"},{"taxonomy":"product_tag","embeddable":true,"href":"https:\/\/ugurluisi.com\/index.php\/wp-json\/wp\/v2\/product_tag?post=561"}],"curies":[{"name":"wp","href":"https:\/\/api.w.org\/{rel}","templated":true}]}}