{"id":571,"date":"2021-10-30T23:10:02","date_gmt":"2021-10-30T23:10:02","guid":{"rendered":"https:\/\/ugurluisi.com\/index.php\/urun\/citius-premix-yogusmali-kombi\/"},"modified":"2021-10-30T23:10:04","modified_gmt":"2021-10-30T23:10:04","slug":"citius-premix-yogusmali-kombi","status":"publish","type":"product","link":"https:\/\/ugurluisi.com\/index.php\/urun\/citius-premix-yogusmali-kombi\/","title":{"rendered":"Citius premix Yo\u011fu\u015fmal\u0131 Kombi"},"content":{"rendered":"<p>\u2022 24 ve 28 kW\u2019l\u0131k kapasite se\u00e7ene\u011fi.\u2022 ErP A enerji verimlilik s\u0131n\u0131f\u0131 \u2022 Sessiz \u00e7al\u0131\u015fma\u2022 Y\u00fczde 107,5 verim\u2022 \u00bc mod\u00fclasyon oran\u0131<\/p>\n","protected":false},"excerpt":{"rendered":"<p>Yo\u011fu\u015fmal\u0131 Kombi<\/p>\n","protected":false},"featured_media":157,"template":"","meta":[],"product_cat":[],"product_tag":[],"class_list":["post-571","product","type-product","status-publish","has-post-thumbnail","hentry"],"yoast_head":"<!-- This site is optimized with the Yoast SEO plugin v17.8 - https:\/\/yoast.com\/wordpress\/plugins\/seo\/ -->\n<title>Citius premix Yo\u011fu\u015fmal\u0131 Kombi - U\u011furlu Is\u0131<\/title>\n<meta name=\"robots\" content=\"index, follow, max-snippet:-1, max-image-preview:large, max-video-preview:-1\" \/>\n<link rel=\"canonical\" href=\"https:\/\/ugurluisi.com\/index.php\/urun\/citius-premix-yogusmali-kombi\/\" \/>\n<meta property=\"og:locale\" content=\"tr_TR\" \/>\n<meta property=\"og:type\" content=\"article\" \/>\n<meta property=\"og:title\" content=\"Citius premix Yo\u011fu\u015fmal\u0131 Kombi - U\u011furlu Is\u0131\" \/>\n<meta property=\"og:description\" content=\"Yo\u011fu\u015fmal\u0131 Kombi\" \/>\n<meta property=\"og:url\" content=\"https:\/\/ugurluisi.com\/index.php\/urun\/citius-premix-yogusmali-kombi\/\" \/>\n<meta property=\"og:site_name\" content=\"U\u011furlu Is\u0131\" \/>\n<meta property=\"article:modified_time\" content=\"2021-10-30T23:10:04+00:00\" \/>\n<meta property=\"og:image\" content=\"https:\/\/ugurluisi.com\/wp-content\/uploads\/2021\/09\/urun-20.jpg\" \/>\n\t<meta property=\"og:image:width\" content=\"550\" \/>\n\t<meta property=\"og:image:height\" content=\"550\" \/>\n<meta name=\"twitter:card\" content=\"summary_large_image\" \/>\n<script type=\"application\/ld+json\" class=\"yoast-schema-graph\">{\"@context\":\"https:\/\/schema.org\",\"@graph\":[{\"@type\":\"WebSite\",\"@id\":\"https:\/\/ugurluisi.com\/#website\",\"url\":\"https:\/\/ugurluisi.com\/\",\"name\":\"U\\u011furlu Is\\u0131\",\"description\":\"Is\\u0131 Sistemleri\",\"potentialAction\":[{\"@type\":\"SearchAction\",\"target\":{\"@type\":\"EntryPoint\",\"urlTemplate\":\"https:\/\/ugurluisi.com\/?s={search_term_string}\"},\"query-input\":\"required name=search_term_string\"}],\"inLanguage\":\"tr\"},{\"@type\":\"ImageObject\",\"@id\":\"https:\/\/ugurluisi.com\/index.php\/urun\/citius-premix-yogusmali-kombi\/#primaryimage\",\"inLanguage\":\"tr\",\"url\":\"https:\/\/ugurluisi.com\/wp-content\/uploads\/2021\/09\/urun-20.jpg\",\"contentUrl\":\"https:\/\/ugurluisi.com\/wp-content\/uploads\/2021\/09\/urun-20.jpg\",\"width\":550,\"height\":550},{\"@type\":\"WebPage\",\"@id\":\"https:\/\/ugurluisi.com\/index.php\/urun\/citius-premix-yogusmali-kombi\/#webpage\",\"url\":\"https:\/\/ugurluisi.com\/index.php\/urun\/citius-premix-yogusmali-kombi\/\",\"name\":\"Citius premix Yo\\u011fu\\u015fmal\\u0131 Kombi - U\\u011furlu Is\\u0131\",\"isPartOf\":{\"@id\":\"https:\/\/ugurluisi.com\/#website\"},\"primaryImageOfPage\":{\"@id\":\"https:\/\/ugurluisi.com\/index.php\/urun\/citius-premix-yogusmali-kombi\/#primaryimage\"},\"datePublished\":\"2021-10-30T23:10:02+00:00\",\"dateModified\":\"2021-10-30T23:10:04+00:00\",\"breadcrumb\":{\"@id\":\"https:\/\/ugurluisi.com\/index.php\/urun\/citius-premix-yogusmali-kombi\/#breadcrumb\"},\"inLanguage\":\"tr\",\"potentialAction\":[{\"@type\":\"ReadAction\",\"target\":[\"https:\/\/ugurluisi.com\/index.php\/urun\/citius-premix-yogusmali-kombi\/\"]}]},{\"@type\":\"BreadcrumbList\",\"@id\":\"https:\/\/ugurluisi.com\/index.php\/urun\/citius-premix-yogusmali-kombi\/#breadcrumb\",\"itemListElement\":[{\"@type\":\"ListItem\",\"position\":1,\"name\":\"Anasayfa\",\"item\":\"https:\/\/ugurluisi.com\/\"},{\"@type\":\"ListItem\",\"position\":2,\"name\":\"\"},{\"@type\":\"ListItem\",\"position\":3,\"name\":\"Citius premix Yo\\u011fu\\u015fmal\\u0131 Kombi\"}]}]}<\/script>\n<!-- \/ Yoast SEO plugin. -->","yoast_head_json":{"title":"Citius premix Yo\u011fu\u015fmal\u0131 Kombi - U\u011furlu Is\u0131","robots":{"index":"index","follow":"follow","max-snippet":"max-snippet:-1","max-image-preview":"max-image-preview:large","max-video-preview":"max-video-preview:-1"},"canonical":"https:\/\/ugurluisi.com\/index.php\/urun\/citius-premix-yogusmali-kombi\/","og_locale":"tr_TR","og_type":"article","og_title":"Citius premix Yo\u011fu\u015fmal\u0131 Kombi - U\u011furlu Is\u0131","og_description":"Yo\u011fu\u015fmal\u0131 Kombi","og_url":"https:\/\/ugurluisi.com\/index.php\/urun\/citius-premix-yogusmali-kombi\/","og_site_name":"U\u011furlu Is\u0131","article_modified_time":"2021-10-30T23:10:04+00:00","og_image":[{"width":550,"height":550,"url":"https:\/\/ugurluisi.com\/wp-content\/uploads\/2021\/09\/urun-20.jpg","type":"image\/jpeg"}],"twitter_card":"summary_large_image","schema":{"@context":"https:\/\/schema.org","@graph":[{"@type":"WebSite","@id":"https:\/\/ugurluisi.com\/#website","url":"https:\/\/ugurluisi.com\/","name":"U\u011furlu Is\u0131","description":"Is\u0131 Sistemleri","potentialAction":[{"@type":"SearchAction","target":{"@type":"EntryPoint","urlTemplate":"https:\/\/ugurluisi.com\/?s={search_term_string}"},"query-input":"required name=search_term_string"}],"inLanguage":"tr"},{"@type":"ImageObject","@id":"https:\/\/ugurluisi.com\/index.php\/urun\/citius-premix-yogusmali-kombi\/#primaryimage","inLanguage":"tr","url":"https:\/\/ugurluisi.com\/wp-content\/uploads\/2021\/09\/urun-20.jpg","contentUrl":"https:\/\/ugurluisi.com\/wp-content\/uploads\/2021\/09\/urun-20.jpg","width":550,"height":550},{"@type":"WebPage","@id":"https:\/\/ugurluisi.com\/index.php\/urun\/citius-premix-yogusmali-kombi\/#webpage","url":"https:\/\/ugurluisi.com\/index.php\/urun\/citius-premix-yogusmali-kombi\/","name":"Citius premix Yo\u011fu\u015fmal\u0131 Kombi - U\u011furlu Is\u0131","isPartOf":{"@id":"https:\/\/ugurluisi.com\/#website"},"primaryImageOfPage":{"@id":"https:\/\/ugurluisi.com\/index.php\/urun\/citius-premix-yogusmali-kombi\/#primaryimage"},"datePublished":"2021-10-30T23:10:02+00:00","dateModified":"2021-10-30T23:10:04+00:00","breadcrumb":{"@id":"https:\/\/ugurluisi.com\/index.php\/urun\/citius-premix-yogusmali-kombi\/#breadcrumb"},"inLanguage":"tr","potentialAction":[{"@type":"ReadAction","target":["https:\/\/ugurluisi.com\/index.php\/urun\/citius-premix-yogusmali-kombi\/"]}]},{"@type":"BreadcrumbList","@id":"https:\/\/ugurluisi.com\/index.php\/urun\/citius-premix-yogusmali-kombi\/#breadcrumb","itemListElement":[{"@type":"ListItem","position":1,"name":"Anasayfa","item":"https:\/\/ugurluisi.com\/"},{"@type":"ListItem","position":2,"name":""},{"@type":"ListItem","position":3,"name":"Citius premix Yo\u011fu\u015fmal\u0131 Kombi"}]}]}},"_links":{"self":[{"href":"https:\/\/ugurluisi.com\/index.php\/wp-json\/wp\/v2\/product\/571","targetHints":{"allow":["GET"]}}],"collection":[{"href":"https:\/\/ugurluisi.com\/index.php\/wp-json\/wp\/v2\/product"}],"about":[{"href":"https:\/\/ugurluisi.com\/index.php\/wp-json\/wp\/v2\/types\/product"}],"wp:featuredmedia":[{"embeddable":true,"href":"https:\/\/ugurluisi.com\/index.php\/wp-json\/wp\/v2\/media\/157"}],"wp:attachment":[{"href":"https:\/\/ugurluisi.com\/index.php\/wp-json\/wp\/v2\/media?parent=571"}],"wp:term":[{"taxonomy":"product_cat","embeddable":true,"href":"https:\/\/ugurluisi.com\/index.php\/wp-json\/wp\/v2\/product_cat?post=571"},{"taxonomy":"product_tag","embeddable":true,"href":"https:\/\/ugurluisi.com\/index.php\/wp-json\/wp\/v2\/product_tag?post=571"}],"curies":[{"name":"wp","href":"https:\/\/api.w.org\/{rel}","templated":true}]}}