{"id":583,"date":"2021-10-30T23:10:09","date_gmt":"2021-10-30T23:10:09","guid":{"rendered":"https:\/\/ugurluisi.com\/index.php\/urun\/est-640a\/"},"modified":"2021-10-30T23:10:10","modified_gmt":"2021-10-30T23:10:10","slug":"est-640a","status":"publish","type":"product","link":"https:\/\/ugurluisi.com\/index.php\/urun\/est-640a\/","title":{"rendered":"EST 640A"},"content":{"rendered":"<p>Ev veya i\u015fyerinizde temiz suya ula\u015fabilmenin en kolay yolu, ERSUTEK Su Ar\u0131tma Cihaz\u0131 ile kendi suyunuzu kendiniz \u00fcretmenizdir. G\u00fcnl\u00fck 280 Litrelik Su \u00fcretim kapasitesi ile ERSUTEK su ar\u0131tma cihazlar\u0131 sa\u011fl\u0131kl\u0131, ekonomik ve g\u00fcvenli bir sekilde i\u00e7me suyunuzu \u00fcretir.<\/p>\n","protected":false},"excerpt":{"rendered":"<p>SU ARITMA C\u0130HAZI<\/p>\n","protected":false},"featured_media":166,"template":"","meta":[],"product_cat":[],"product_tag":[],"class_list":["post-583","product","type-product","status-publish","has-post-thumbnail","hentry"],"yoast_head":"<!-- This site is optimized with the Yoast SEO plugin v17.8 - https:\/\/yoast.com\/wordpress\/plugins\/seo\/ -->\n<title>EST 640A - U\u011furlu Is\u0131<\/title>\n<meta name=\"robots\" content=\"index, follow, max-snippet:-1, max-image-preview:large, max-video-preview:-1\" \/>\n<link rel=\"canonical\" href=\"https:\/\/ugurluisi.com\/index.php\/urun\/est-640a\/\" \/>\n<meta property=\"og:locale\" content=\"tr_TR\" \/>\n<meta property=\"og:type\" content=\"article\" \/>\n<meta property=\"og:title\" content=\"EST 640A - U\u011furlu Is\u0131\" \/>\n<meta property=\"og:description\" content=\"SU ARITMA C\u0130HAZI\" \/>\n<meta property=\"og:url\" content=\"https:\/\/ugurluisi.com\/index.php\/urun\/est-640a\/\" \/>\n<meta property=\"og:site_name\" content=\"U\u011furlu Is\u0131\" \/>\n<meta property=\"article:modified_time\" content=\"2021-10-30T23:10:10+00:00\" \/>\n<meta property=\"og:image\" content=\"https:\/\/ugurluisi.com\/wp-content\/uploads\/2021\/09\/urun-29.jpg\" \/>\n\t<meta property=\"og:image:width\" content=\"800\" \/>\n\t<meta property=\"og:image:height\" content=\"800\" \/>\n<meta name=\"twitter:card\" content=\"summary_large_image\" \/>\n<script type=\"application\/ld+json\" class=\"yoast-schema-graph\">{\"@context\":\"https:\/\/schema.org\",\"@graph\":[{\"@type\":\"WebSite\",\"@id\":\"https:\/\/ugurluisi.com\/#website\",\"url\":\"https:\/\/ugurluisi.com\/\",\"name\":\"U\\u011furlu Is\\u0131\",\"description\":\"Is\\u0131 Sistemleri\",\"potentialAction\":[{\"@type\":\"SearchAction\",\"target\":{\"@type\":\"EntryPoint\",\"urlTemplate\":\"https:\/\/ugurluisi.com\/?s={search_term_string}\"},\"query-input\":\"required name=search_term_string\"}],\"inLanguage\":\"tr\"},{\"@type\":\"ImageObject\",\"@id\":\"https:\/\/ugurluisi.com\/index.php\/urun\/est-640a\/#primaryimage\",\"inLanguage\":\"tr\",\"url\":\"https:\/\/ugurluisi.com\/wp-content\/uploads\/2021\/09\/urun-29.jpg\",\"contentUrl\":\"https:\/\/ugurluisi.com\/wp-content\/uploads\/2021\/09\/urun-29.jpg\",\"width\":800,\"height\":800},{\"@type\":\"WebPage\",\"@id\":\"https:\/\/ugurluisi.com\/index.php\/urun\/est-640a\/#webpage\",\"url\":\"https:\/\/ugurluisi.com\/index.php\/urun\/est-640a\/\",\"name\":\"EST 640A - U\\u011furlu Is\\u0131\",\"isPartOf\":{\"@id\":\"https:\/\/ugurluisi.com\/#website\"},\"primaryImageOfPage\":{\"@id\":\"https:\/\/ugurluisi.com\/index.php\/urun\/est-640a\/#primaryimage\"},\"datePublished\":\"2021-10-30T23:10:09+00:00\",\"dateModified\":\"2021-10-30T23:10:10+00:00\",\"breadcrumb\":{\"@id\":\"https:\/\/ugurluisi.com\/index.php\/urun\/est-640a\/#breadcrumb\"},\"inLanguage\":\"tr\",\"potentialAction\":[{\"@type\":\"ReadAction\",\"target\":[\"https:\/\/ugurluisi.com\/index.php\/urun\/est-640a\/\"]}]},{\"@type\":\"BreadcrumbList\",\"@id\":\"https:\/\/ugurluisi.com\/index.php\/urun\/est-640a\/#breadcrumb\",\"itemListElement\":[{\"@type\":\"ListItem\",\"position\":1,\"name\":\"Anasayfa\",\"item\":\"https:\/\/ugurluisi.com\/\"},{\"@type\":\"ListItem\",\"position\":2,\"name\":\"\"},{\"@type\":\"ListItem\",\"position\":3,\"name\":\"EST 640A\"}]}]}<\/script>\n<!-- \/ Yoast SEO plugin. -->","yoast_head_json":{"title":"EST 640A - U\u011furlu Is\u0131","robots":{"index":"index","follow":"follow","max-snippet":"max-snippet:-1","max-image-preview":"max-image-preview:large","max-video-preview":"max-video-preview:-1"},"canonical":"https:\/\/ugurluisi.com\/index.php\/urun\/est-640a\/","og_locale":"tr_TR","og_type":"article","og_title":"EST 640A - U\u011furlu Is\u0131","og_description":"SU ARITMA C\u0130HAZI","og_url":"https:\/\/ugurluisi.com\/index.php\/urun\/est-640a\/","og_site_name":"U\u011furlu Is\u0131","article_modified_time":"2021-10-30T23:10:10+00:00","og_image":[{"width":800,"height":800,"url":"https:\/\/ugurluisi.com\/wp-content\/uploads\/2021\/09\/urun-29.jpg","type":"image\/jpeg"}],"twitter_card":"summary_large_image","schema":{"@context":"https:\/\/schema.org","@graph":[{"@type":"WebSite","@id":"https:\/\/ugurluisi.com\/#website","url":"https:\/\/ugurluisi.com\/","name":"U\u011furlu Is\u0131","description":"Is\u0131 Sistemleri","potentialAction":[{"@type":"SearchAction","target":{"@type":"EntryPoint","urlTemplate":"https:\/\/ugurluisi.com\/?s={search_term_string}"},"query-input":"required name=search_term_string"}],"inLanguage":"tr"},{"@type":"ImageObject","@id":"https:\/\/ugurluisi.com\/index.php\/urun\/est-640a\/#primaryimage","inLanguage":"tr","url":"https:\/\/ugurluisi.com\/wp-content\/uploads\/2021\/09\/urun-29.jpg","contentUrl":"https:\/\/ugurluisi.com\/wp-content\/uploads\/2021\/09\/urun-29.jpg","width":800,"height":800},{"@type":"WebPage","@id":"https:\/\/ugurluisi.com\/index.php\/urun\/est-640a\/#webpage","url":"https:\/\/ugurluisi.com\/index.php\/urun\/est-640a\/","name":"EST 640A - U\u011furlu Is\u0131","isPartOf":{"@id":"https:\/\/ugurluisi.com\/#website"},"primaryImageOfPage":{"@id":"https:\/\/ugurluisi.com\/index.php\/urun\/est-640a\/#primaryimage"},"datePublished":"2021-10-30T23:10:09+00:00","dateModified":"2021-10-30T23:10:10+00:00","breadcrumb":{"@id":"https:\/\/ugurluisi.com\/index.php\/urun\/est-640a\/#breadcrumb"},"inLanguage":"tr","potentialAction":[{"@type":"ReadAction","target":["https:\/\/ugurluisi.com\/index.php\/urun\/est-640a\/"]}]},{"@type":"BreadcrumbList","@id":"https:\/\/ugurluisi.com\/index.php\/urun\/est-640a\/#breadcrumb","itemListElement":[{"@type":"ListItem","position":1,"name":"Anasayfa","item":"https:\/\/ugurluisi.com\/"},{"@type":"ListItem","position":2,"name":""},{"@type":"ListItem","position":3,"name":"EST 640A"}]}]}},"_links":{"self":[{"href":"https:\/\/ugurluisi.com\/index.php\/wp-json\/wp\/v2\/product\/583","targetHints":{"allow":["GET"]}}],"collection":[{"href":"https:\/\/ugurluisi.com\/index.php\/wp-json\/wp\/v2\/product"}],"about":[{"href":"https:\/\/ugurluisi.com\/index.php\/wp-json\/wp\/v2\/types\/product"}],"wp:featuredmedia":[{"embeddable":true,"href":"https:\/\/ugurluisi.com\/index.php\/wp-json\/wp\/v2\/media\/166"}],"wp:attachment":[{"href":"https:\/\/ugurluisi.com\/index.php\/wp-json\/wp\/v2\/media?parent=583"}],"wp:term":[{"taxonomy":"product_cat","embeddable":true,"href":"https:\/\/ugurluisi.com\/index.php\/wp-json\/wp\/v2\/product_cat?post=583"},{"taxonomy":"product_tag","embeddable":true,"href":"https:\/\/ugurluisi.com\/index.php\/wp-json\/wp\/v2\/product_tag?post=583"}],"curies":[{"name":"wp","href":"https:\/\/api.w.org\/{rel}","templated":true}]}}