{"id":593,"date":"2021-10-30T23:10:09","date_gmt":"2021-10-30T23:10:09","guid":{"rendered":"https:\/\/ugurluisi.com\/index.php\/urun\/efes-kuru-tip-soba\/"},"modified":"2021-12-30T12:43:36","modified_gmt":"2021-12-30T12:43:36","slug":"efes-kuru-tip-soba","status":"publish","type":"product","link":"https:\/\/ugurluisi.com\/index.php\/urun\/efes-kuru-tip-soba\/","title":{"rendered":"\u0130FYIL EFES \/ STANDART"},"content":{"rendered":"<p>\u2022 Mod\u00fclasyonlu yanma \u2022 Manuel temizlenen yanma potas\u0131 \u2022 Dijital kontrol paneli ve T\u00fcrk\u00e7e men\u00fc \u2022 Otomatik ate\u015fleme \u2022 Manuel t\u00fcrb\u00fclat\u00f6r temizleme sistemi \u2022 Bacadan emi\u015f ile yanma \u2022 Haftal\u0131k programlama \u2022 Geriye yanma koruma \u2022 Oda termostat ba\u011flant\u0131s\u0131 \u2022 Ortama s\u0131cak hava \u00fcfleme deste\u011fi \u2022 \u015e\u00f6mine g\u00f6r\u00fcn\u00fcm\u00fc \u2022 Hava kanal\u0131 deste\u011fi ile \u00e7oklu \u0131s\u0131tma imkan\u0131<\/p>\n","protected":false},"excerpt":{"rendered":"<h6><strong>S\u0131cak Hava \u00dcflemeli Pelet Sobas\u0131<\/strong><\/h6>\n<p>&nbsp;<\/p>\n","protected":false},"featured_media":185,"template":"","meta":[],"product_cat":[],"product_tag":[],"class_list":["post-593","product","type-product","status-publish","has-post-thumbnail","hentry"],"yoast_head":"<!-- This site is optimized with the Yoast SEO plugin v17.8 - https:\/\/yoast.com\/wordpress\/plugins\/seo\/ -->\n<title>\u0130FYIL EFES \/ STANDART - U\u011furlu Is\u0131<\/title>\n<meta name=\"robots\" content=\"index, follow, max-snippet:-1, max-image-preview:large, max-video-preview:-1\" \/>\n<link rel=\"canonical\" href=\"https:\/\/ugurluisi.com\/index.php\/urun\/efes-kuru-tip-soba\/\" \/>\n<meta property=\"og:locale\" content=\"tr_TR\" \/>\n<meta property=\"og:type\" content=\"article\" \/>\n<meta property=\"og:title\" content=\"\u0130FYIL EFES \/ STANDART - U\u011furlu Is\u0131\" \/>\n<meta property=\"og:description\" content=\"S\u0131cak Hava \u00dcflemeli Pelet Sobas\u0131 &nbsp;\" \/>\n<meta property=\"og:url\" content=\"https:\/\/ugurluisi.com\/index.php\/urun\/efes-kuru-tip-soba\/\" \/>\n<meta property=\"og:site_name\" content=\"U\u011furlu Is\u0131\" \/>\n<meta property=\"article:modified_time\" content=\"2021-12-30T12:43:36+00:00\" \/>\n<meta property=\"og:image\" content=\"https:\/\/ugurluisi.com\/wp-content\/uploads\/2021\/09\/urun-48.png\" \/>\n\t<meta property=\"og:image:width\" content=\"550\" \/>\n\t<meta property=\"og:image:height\" content=\"550\" \/>\n<meta name=\"twitter:card\" content=\"summary_large_image\" \/>\n<meta name=\"twitter:label1\" content=\"Tahmini okuma s\u00fcresi\" \/>\n\t<meta name=\"twitter:data1\" content=\"1 dakika\" \/>\n<script type=\"application\/ld+json\" class=\"yoast-schema-graph\">{\"@context\":\"https:\/\/schema.org\",\"@graph\":[{\"@type\":\"WebSite\",\"@id\":\"https:\/\/ugurluisi.com\/#website\",\"url\":\"https:\/\/ugurluisi.com\/\",\"name\":\"U\\u011furlu Is\\u0131\",\"description\":\"Is\\u0131 Sistemleri\",\"potentialAction\":[{\"@type\":\"SearchAction\",\"target\":{\"@type\":\"EntryPoint\",\"urlTemplate\":\"https:\/\/ugurluisi.com\/?s={search_term_string}\"},\"query-input\":\"required name=search_term_string\"}],\"inLanguage\":\"tr\"},{\"@type\":\"ImageObject\",\"@id\":\"https:\/\/ugurluisi.com\/index.php\/urun\/efes-kuru-tip-soba\/#primaryimage\",\"inLanguage\":\"tr\",\"url\":\"https:\/\/ugurluisi.com\/wp-content\/uploads\/2021\/09\/urun-48.png\",\"contentUrl\":\"https:\/\/ugurluisi.com\/wp-content\/uploads\/2021\/09\/urun-48.png\",\"width\":550,\"height\":550},{\"@type\":\"WebPage\",\"@id\":\"https:\/\/ugurluisi.com\/index.php\/urun\/efes-kuru-tip-soba\/#webpage\",\"url\":\"https:\/\/ugurluisi.com\/index.php\/urun\/efes-kuru-tip-soba\/\",\"name\":\"\\u0130FYIL EFES \/ STANDART - U\\u011furlu Is\\u0131\",\"isPartOf\":{\"@id\":\"https:\/\/ugurluisi.com\/#website\"},\"primaryImageOfPage\":{\"@id\":\"https:\/\/ugurluisi.com\/index.php\/urun\/efes-kuru-tip-soba\/#primaryimage\"},\"datePublished\":\"2021-10-30T23:10:09+00:00\",\"dateModified\":\"2021-12-30T12:43:36+00:00\",\"breadcrumb\":{\"@id\":\"https:\/\/ugurluisi.com\/index.php\/urun\/efes-kuru-tip-soba\/#breadcrumb\"},\"inLanguage\":\"tr\",\"potentialAction\":[{\"@type\":\"ReadAction\",\"target\":[\"https:\/\/ugurluisi.com\/index.php\/urun\/efes-kuru-tip-soba\/\"]}]},{\"@type\":\"BreadcrumbList\",\"@id\":\"https:\/\/ugurluisi.com\/index.php\/urun\/efes-kuru-tip-soba\/#breadcrumb\",\"itemListElement\":[{\"@type\":\"ListItem\",\"position\":1,\"name\":\"Anasayfa\",\"item\":\"https:\/\/ugurluisi.com\/\"},{\"@type\":\"ListItem\",\"position\":2,\"name\":\"\"},{\"@type\":\"ListItem\",\"position\":3,\"name\":\"\\u0130FYIL EFES \/ STANDART\"}]}]}<\/script>\n<!-- \/ Yoast SEO plugin. -->","yoast_head_json":{"title":"\u0130FYIL EFES \/ STANDART - U\u011furlu Is\u0131","robots":{"index":"index","follow":"follow","max-snippet":"max-snippet:-1","max-image-preview":"max-image-preview:large","max-video-preview":"max-video-preview:-1"},"canonical":"https:\/\/ugurluisi.com\/index.php\/urun\/efes-kuru-tip-soba\/","og_locale":"tr_TR","og_type":"article","og_title":"\u0130FYIL EFES \/ STANDART - U\u011furlu Is\u0131","og_description":"S\u0131cak Hava \u00dcflemeli Pelet Sobas\u0131 &nbsp;","og_url":"https:\/\/ugurluisi.com\/index.php\/urun\/efes-kuru-tip-soba\/","og_site_name":"U\u011furlu Is\u0131","article_modified_time":"2021-12-30T12:43:36+00:00","og_image":[{"width":550,"height":550,"url":"https:\/\/ugurluisi.com\/wp-content\/uploads\/2021\/09\/urun-48.png","type":"image\/png"}],"twitter_card":"summary_large_image","twitter_misc":{"Tahmini okuma s\u00fcresi":"1 dakika"},"schema":{"@context":"https:\/\/schema.org","@graph":[{"@type":"WebSite","@id":"https:\/\/ugurluisi.com\/#website","url":"https:\/\/ugurluisi.com\/","name":"U\u011furlu Is\u0131","description":"Is\u0131 Sistemleri","potentialAction":[{"@type":"SearchAction","target":{"@type":"EntryPoint","urlTemplate":"https:\/\/ugurluisi.com\/?s={search_term_string}"},"query-input":"required name=search_term_string"}],"inLanguage":"tr"},{"@type":"ImageObject","@id":"https:\/\/ugurluisi.com\/index.php\/urun\/efes-kuru-tip-soba\/#primaryimage","inLanguage":"tr","url":"https:\/\/ugurluisi.com\/wp-content\/uploads\/2021\/09\/urun-48.png","contentUrl":"https:\/\/ugurluisi.com\/wp-content\/uploads\/2021\/09\/urun-48.png","width":550,"height":550},{"@type":"WebPage","@id":"https:\/\/ugurluisi.com\/index.php\/urun\/efes-kuru-tip-soba\/#webpage","url":"https:\/\/ugurluisi.com\/index.php\/urun\/efes-kuru-tip-soba\/","name":"\u0130FYIL EFES \/ STANDART - U\u011furlu Is\u0131","isPartOf":{"@id":"https:\/\/ugurluisi.com\/#website"},"primaryImageOfPage":{"@id":"https:\/\/ugurluisi.com\/index.php\/urun\/efes-kuru-tip-soba\/#primaryimage"},"datePublished":"2021-10-30T23:10:09+00:00","dateModified":"2021-12-30T12:43:36+00:00","breadcrumb":{"@id":"https:\/\/ugurluisi.com\/index.php\/urun\/efes-kuru-tip-soba\/#breadcrumb"},"inLanguage":"tr","potentialAction":[{"@type":"ReadAction","target":["https:\/\/ugurluisi.com\/index.php\/urun\/efes-kuru-tip-soba\/"]}]},{"@type":"BreadcrumbList","@id":"https:\/\/ugurluisi.com\/index.php\/urun\/efes-kuru-tip-soba\/#breadcrumb","itemListElement":[{"@type":"ListItem","position":1,"name":"Anasayfa","item":"https:\/\/ugurluisi.com\/"},{"@type":"ListItem","position":2,"name":""},{"@type":"ListItem","position":3,"name":"\u0130FYIL EFES \/ STANDART"}]}]}},"_links":{"self":[{"href":"https:\/\/ugurluisi.com\/index.php\/wp-json\/wp\/v2\/product\/593","targetHints":{"allow":["GET"]}}],"collection":[{"href":"https:\/\/ugurluisi.com\/index.php\/wp-json\/wp\/v2\/product"}],"about":[{"href":"https:\/\/ugurluisi.com\/index.php\/wp-json\/wp\/v2\/types\/product"}],"wp:featuredmedia":[{"embeddable":true,"href":"https:\/\/ugurluisi.com\/index.php\/wp-json\/wp\/v2\/media\/185"}],"wp:attachment":[{"href":"https:\/\/ugurluisi.com\/index.php\/wp-json\/wp\/v2\/media?parent=593"}],"wp:term":[{"taxonomy":"product_cat","embeddable":true,"href":"https:\/\/ugurluisi.com\/index.php\/wp-json\/wp\/v2\/product_cat?post=593"},{"taxonomy":"product_tag","embeddable":true,"href":"https:\/\/ugurluisi.com\/index.php\/wp-json\/wp\/v2\/product_tag?post=593"}],"curies":[{"name":"wp","href":"https:\/\/api.w.org\/{rel}","templated":true}]}}