{"id":598,"date":"2021-10-30T23:10:09","date_gmt":"2021-10-30T23:10:09","guid":{"rendered":"https:\/\/ugurluisi.com\/index.php\/urun\/pellet-gt60-pelet-kazani\/"},"modified":"2021-12-31T10:41:36","modified_gmt":"2021-12-31T10:41:36","slug":"pellet-gt60-pelet-kazani","status":"publish","type":"product","link":"https:\/\/ugurluisi.com\/index.php\/urun\/pellet-gt60-pelet-kazani\/","title":{"rendered":"PELLET GT60 PELET KAZANI"},"content":{"rendered":"<p>\u2022 Mod\u00fclasyonlu yanma \u2022 Tam otomatik temizlenen yanma potas\u0131 \u2022 Dijital kontrol paneli ve T\u00fcrk\u00e7e men\u00fc \u2022 Otomatik ate\u015fleme \u2022 Manuel t\u00fcrb\u00fclat\u00f6r temizleme sistemi \u2022 Bacadan emi\u015f ile yanma \u2022 Haftal\u0131k programlama \u2022 Geriye yanma koruma, \u2022 Oda termostat ba\u011flant\u0131s\u0131<\/p>\n<div class=\"item\">\n<div class=\"column\">Teknik \u00d6zellikler\u00a0Birim\u00a0\u00d6l\u00e7\u00fclen De\u011ferler<\/div>\n<\/div>\n<div class=\"item\">\n<div class=\"column\">Standart\u00a0EN\u00a0303-5 \/ Class 5<\/div>\n<\/div>\n<div class=\"item\">\n<div class=\"column\">Enerji S\u0131n\u0131f\u0131\u00a0A+<\/div>\n<div class=\"column\">Nominal Is\u0131 G\u00fcc\u00fc kW\u00a060<\/div>\n<\/div>\n<div class=\"item\">\n<div class=\"column\">Su Is\u0131 G\u00fcc\u00fc\u00a0kW\u00a060<\/div>\n<\/div>\n<div class=\"item\">\n<div class=\"column\">Minimum Is\u0131 G\u00fcc\u00fc\u00a0kW\u00a018<\/div>\n<\/div>\n<div class=\"item\">\n<div class=\"column\">Minimal G\u00fc\u00e7te Verim\u00a0%\u00a094,19<\/div>\n<\/div>\n<div class=\"item\">\n<div class=\"column\">Nominal G\u00fc\u00e7te Verim\u00a0%\u00a092<\/div>\n<\/div>\n<div class=\"item\">\n<div class=\"column\">Yak\u0131t tipi\u00a0kg\u00a0\u00d8 6mm L:30 En PLus A1-A2 Odun pellet<\/div>\n<\/div>\n<div class=\"item\">\n<div class=\"column\">Yak\u0131t t\u00fcketimi (min-max)\u00a0Kg\/Sa\u00a04,2 &#8211; 14<\/div>\n<\/div>\n<div class=\"item\">\n<div class=\"column\">Maksimum Su \u00c7al\u0131\u015fma S\u0131cakl\u0131\u011f\u0131\u00a0\u00b0C\u00a080<\/div>\n<\/div>\n<div class=\"item\">\n<div class=\"column\">Minimum Su \u00c7al\u0131\u015fma S\u0131cakl\u0131\u011f\u0131\u00a0\u00b0C\u00a065<\/div>\n<\/div>\n<div class=\"item\">\n<div class=\"column\">Maximum \u00c7al\u0131\u015fma Bas\u0131nc\u0131\u00a0bar\u00a03<\/div>\n<\/div>\n<div class=\"item\">\n<div class=\"column\">Test Bas\u0131nc\u0131\u00a0bar\u00a04,5<\/div>\n<\/div>\n<div class=\"item\">\n<div class=\"column\">Kazan Su Hacmi\u00a0lt\u00a0150<\/div>\n<\/div>\n<div class=\"item\">\n<div class=\"column\">Minimum Baca \u00c7eki\u015fi\u00a0pa\u00a012\u00b12<\/div>\n<\/div>\n<div class=\"item\">\n<div class=\"column\">Yak\u0131t Tank\u0131 Kapasitesi\u00a0kg \/ lt\u00a0340 &#8211; 567<\/div>\n<\/div>\n<div class=\"item\">\n<div class=\"column\">\u00dcr\u00fcn Net \/ Br\u00fct a\u011f\u0131rl\u0131\u011f\u0131\u00a0kg\u00a0424 &#8211; 430<\/div>\n<\/div>\n<div class=\"item\">\n<div class=\"column\">\u00dcr\u00fcn \u00d6l\u00e7\u00fcleri\u00a0mm\u00a0800 x 1133 x 1475<\/div>\n<\/div>\n<div class=\"item\">\n<div class=\"column\">Tank \u00d6l\u00e7\u00fcleri\u00a0mm\u00a0503 x 1430 x 1475<\/div>\n<\/div>\n<div class=\"item\">\n<div class=\"column\">Su Giri\u015f -\u00c7\u0131k\u0131\u015f Boru \u00c7ap\u0131\u00a0mm\u00a01 1\/4&#8243;<\/div>\n<\/div>\n<div class=\"item\">\n<div class=\"column\">Giri\u015f hava \u00e7ap\u0131 \/ Baca \u00e7\u0131k\u0131\u015f \u00e7ap\u0131\u00a0mm\u00a0\u00d8 63,5 \/ \u00d8 130<\/div>\n<\/div>\n<div class=\"item\">\n<div class=\"column\">Elektrik t\u00fcketimi(ortalama)\u00a0w\u00a0260<\/div>\n<\/div>\n<div class=\"item\">\n<div class=\"column\">Elektrik ba\u011flant\u0131\/ frekans\u0131\u00a0Vac\/hz\u00a0230 \/ 50<\/div>\n<\/div>\n<div class=\"item\">\n<div class=\"column\">%13 O2 &#8216;ye g\u00f6re CO emisyonu Nominal \/ Minimal\u00a0mg\/Nm3\u00a0100,06<\/div>\n<\/div>\n<div class=\"item\">\n<div class=\"column\">Baca Gaz\u0131 S\u0131cakl\u0131\u011f\u0131 Max\/ Min\u00a0\u00b0C\u00a0115 &#8211; 67,44<\/div>\n<\/div>\n","protected":false},"excerpt":{"rendered":"<p>KALOR\u0130FER KAZANI<\/p>\n","protected":false},"featured_media":196,"template":"","meta":[],"product_cat":[],"product_tag":[],"class_list":["post-598","product","type-product","status-publish","has-post-thumbnail","hentry"],"yoast_head":"<!-- This site is optimized with the Yoast SEO plugin v17.8 - https:\/\/yoast.com\/wordpress\/plugins\/seo\/ -->\n<title>PELLET GT60 PELET KAZANI - U\u011furlu Is\u0131<\/title>\n<meta name=\"robots\" content=\"index, follow, max-snippet:-1, max-image-preview:large, max-video-preview:-1\" \/>\n<link rel=\"canonical\" href=\"https:\/\/ugurluisi.com\/index.php\/urun\/pellet-gt60-pelet-kazani\/\" \/>\n<meta property=\"og:locale\" content=\"tr_TR\" \/>\n<meta property=\"og:type\" content=\"article\" \/>\n<meta property=\"og:title\" content=\"PELLET GT60 PELET KAZANI - U\u011furlu Is\u0131\" \/>\n<meta property=\"og:description\" content=\"KALOR\u0130FER KAZANI\" \/>\n<meta property=\"og:url\" content=\"https:\/\/ugurluisi.com\/index.php\/urun\/pellet-gt60-pelet-kazani\/\" \/>\n<meta property=\"og:site_name\" content=\"U\u011furlu Is\u0131\" \/>\n<meta property=\"article:modified_time\" content=\"2021-12-31T10:41:36+00:00\" \/>\n<meta property=\"og:image\" content=\"https:\/\/ugurluisi.com\/wp-content\/uploads\/2021\/09\/urun-59.jpg\" \/>\n\t<meta property=\"og:image:width\" content=\"400\" \/>\n\t<meta property=\"og:image:height\" content=\"350\" \/>\n<meta name=\"twitter:card\" content=\"summary_large_image\" \/>\n<meta name=\"twitter:label1\" content=\"Tahmini okuma s\u00fcresi\" \/>\n\t<meta name=\"twitter:data1\" content=\"2 dakika\" \/>\n<script type=\"application\/ld+json\" class=\"yoast-schema-graph\">{\"@context\":\"https:\/\/schema.org\",\"@graph\":[{\"@type\":\"WebSite\",\"@id\":\"https:\/\/ugurluisi.com\/#website\",\"url\":\"https:\/\/ugurluisi.com\/\",\"name\":\"U\\u011furlu Is\\u0131\",\"description\":\"Is\\u0131 Sistemleri\",\"potentialAction\":[{\"@type\":\"SearchAction\",\"target\":{\"@type\":\"EntryPoint\",\"urlTemplate\":\"https:\/\/ugurluisi.com\/?s={search_term_string}\"},\"query-input\":\"required name=search_term_string\"}],\"inLanguage\":\"tr\"},{\"@type\":\"ImageObject\",\"@id\":\"https:\/\/ugurluisi.com\/index.php\/urun\/pellet-gt60-pelet-kazani\/#primaryimage\",\"inLanguage\":\"tr\",\"url\":\"https:\/\/ugurluisi.com\/wp-content\/uploads\/2021\/09\/urun-59.jpg\",\"contentUrl\":\"https:\/\/ugurluisi.com\/wp-content\/uploads\/2021\/09\/urun-59.jpg\",\"width\":400,\"height\":350},{\"@type\":\"WebPage\",\"@id\":\"https:\/\/ugurluisi.com\/index.php\/urun\/pellet-gt60-pelet-kazani\/#webpage\",\"url\":\"https:\/\/ugurluisi.com\/index.php\/urun\/pellet-gt60-pelet-kazani\/\",\"name\":\"PELLET GT60 PELET KAZANI - U\\u011furlu Is\\u0131\",\"isPartOf\":{\"@id\":\"https:\/\/ugurluisi.com\/#website\"},\"primaryImageOfPage\":{\"@id\":\"https:\/\/ugurluisi.com\/index.php\/urun\/pellet-gt60-pelet-kazani\/#primaryimage\"},\"datePublished\":\"2021-10-30T23:10:09+00:00\",\"dateModified\":\"2021-12-31T10:41:36+00:00\",\"breadcrumb\":{\"@id\":\"https:\/\/ugurluisi.com\/index.php\/urun\/pellet-gt60-pelet-kazani\/#breadcrumb\"},\"inLanguage\":\"tr\",\"potentialAction\":[{\"@type\":\"ReadAction\",\"target\":[\"https:\/\/ugurluisi.com\/index.php\/urun\/pellet-gt60-pelet-kazani\/\"]}]},{\"@type\":\"BreadcrumbList\",\"@id\":\"https:\/\/ugurluisi.com\/index.php\/urun\/pellet-gt60-pelet-kazani\/#breadcrumb\",\"itemListElement\":[{\"@type\":\"ListItem\",\"position\":1,\"name\":\"Anasayfa\",\"item\":\"https:\/\/ugurluisi.com\/\"},{\"@type\":\"ListItem\",\"position\":2,\"name\":\"\"},{\"@type\":\"ListItem\",\"position\":3,\"name\":\"PELLET GT60 PELET KAZANI\"}]}]}<\/script>\n<!-- \/ Yoast SEO plugin. -->","yoast_head_json":{"title":"PELLET GT60 PELET KAZANI - U\u011furlu Is\u0131","robots":{"index":"index","follow":"follow","max-snippet":"max-snippet:-1","max-image-preview":"max-image-preview:large","max-video-preview":"max-video-preview:-1"},"canonical":"https:\/\/ugurluisi.com\/index.php\/urun\/pellet-gt60-pelet-kazani\/","og_locale":"tr_TR","og_type":"article","og_title":"PELLET GT60 PELET KAZANI - U\u011furlu Is\u0131","og_description":"KALOR\u0130FER KAZANI","og_url":"https:\/\/ugurluisi.com\/index.php\/urun\/pellet-gt60-pelet-kazani\/","og_site_name":"U\u011furlu Is\u0131","article_modified_time":"2021-12-31T10:41:36+00:00","og_image":[{"width":400,"height":350,"url":"https:\/\/ugurluisi.com\/wp-content\/uploads\/2021\/09\/urun-59.jpg","type":"image\/jpeg"}],"twitter_card":"summary_large_image","twitter_misc":{"Tahmini okuma s\u00fcresi":"2 dakika"},"schema":{"@context":"https:\/\/schema.org","@graph":[{"@type":"WebSite","@id":"https:\/\/ugurluisi.com\/#website","url":"https:\/\/ugurluisi.com\/","name":"U\u011furlu Is\u0131","description":"Is\u0131 Sistemleri","potentialAction":[{"@type":"SearchAction","target":{"@type":"EntryPoint","urlTemplate":"https:\/\/ugurluisi.com\/?s={search_term_string}"},"query-input":"required name=search_term_string"}],"inLanguage":"tr"},{"@type":"ImageObject","@id":"https:\/\/ugurluisi.com\/index.php\/urun\/pellet-gt60-pelet-kazani\/#primaryimage","inLanguage":"tr","url":"https:\/\/ugurluisi.com\/wp-content\/uploads\/2021\/09\/urun-59.jpg","contentUrl":"https:\/\/ugurluisi.com\/wp-content\/uploads\/2021\/09\/urun-59.jpg","width":400,"height":350},{"@type":"WebPage","@id":"https:\/\/ugurluisi.com\/index.php\/urun\/pellet-gt60-pelet-kazani\/#webpage","url":"https:\/\/ugurluisi.com\/index.php\/urun\/pellet-gt60-pelet-kazani\/","name":"PELLET GT60 PELET KAZANI - U\u011furlu Is\u0131","isPartOf":{"@id":"https:\/\/ugurluisi.com\/#website"},"primaryImageOfPage":{"@id":"https:\/\/ugurluisi.com\/index.php\/urun\/pellet-gt60-pelet-kazani\/#primaryimage"},"datePublished":"2021-10-30T23:10:09+00:00","dateModified":"2021-12-31T10:41:36+00:00","breadcrumb":{"@id":"https:\/\/ugurluisi.com\/index.php\/urun\/pellet-gt60-pelet-kazani\/#breadcrumb"},"inLanguage":"tr","potentialAction":[{"@type":"ReadAction","target":["https:\/\/ugurluisi.com\/index.php\/urun\/pellet-gt60-pelet-kazani\/"]}]},{"@type":"BreadcrumbList","@id":"https:\/\/ugurluisi.com\/index.php\/urun\/pellet-gt60-pelet-kazani\/#breadcrumb","itemListElement":[{"@type":"ListItem","position":1,"name":"Anasayfa","item":"https:\/\/ugurluisi.com\/"},{"@type":"ListItem","position":2,"name":""},{"@type":"ListItem","position":3,"name":"PELLET GT60 PELET KAZANI"}]}]}},"_links":{"self":[{"href":"https:\/\/ugurluisi.com\/index.php\/wp-json\/wp\/v2\/product\/598","targetHints":{"allow":["GET"]}}],"collection":[{"href":"https:\/\/ugurluisi.com\/index.php\/wp-json\/wp\/v2\/product"}],"about":[{"href":"https:\/\/ugurluisi.com\/index.php\/wp-json\/wp\/v2\/types\/product"}],"wp:featuredmedia":[{"embeddable":true,"href":"https:\/\/ugurluisi.com\/index.php\/wp-json\/wp\/v2\/media\/196"}],"wp:attachment":[{"href":"https:\/\/ugurluisi.com\/index.php\/wp-json\/wp\/v2\/media?parent=598"}],"wp:term":[{"taxonomy":"product_cat","embeddable":true,"href":"https:\/\/ugurluisi.com\/index.php\/wp-json\/wp\/v2\/product_cat?post=598"},{"taxonomy":"product_tag","embeddable":true,"href":"https:\/\/ugurluisi.com\/index.php\/wp-json\/wp\/v2\/product_tag?post=598"}],"curies":[{"name":"wp","href":"https:\/\/api.w.org\/{rel}","templated":true}]}}