{"id":600,"date":"2021-10-30T23:10:09","date_gmt":"2021-10-30T23:10:09","guid":{"rendered":"https:\/\/ugurluisi.com\/index.php\/urun\/zigana-kaloriferli-soba\/"},"modified":"2021-12-30T12:48:52","modified_gmt":"2021-12-30T12:48:52","slug":"zigana-kaloriferli-soba","status":"publish","type":"product","link":"https:\/\/ugurluisi.com\/index.php\/urun\/zigana-kaloriferli-soba\/","title":{"rendered":"\u0130FYIL Z\u0130GANA"},"content":{"rendered":"<div class=\"item\">\n<div class=\"column\">\u2022 Paket sistem \u2022 F\u0131r\u0131n k\u0131sm\u0131nda yemek pi\u015firme imkan\u0131 \u2022 \u00dcst tabla \u00fczerinde yemek pi\u015firme imkan\u0131 \u2022 Devirmeli \u0131zgara temizleme sistemi \u2022 \u015e\u00f6mine g\u00f6r\u00fcn\u00fcm\u00fc imkan\u0131 \u2022 Odun, k\u00f6m\u00fcr ve briket yakma \u00f6zelli\u011fi \u2022 Emniyet ventili g\u00fcvenlik tertibat\u0131 \u2022 Yar\u0131 otomatik yanma havas\u0131 kontrol \u2022 Manuel ikincil yanma havas\u0131 kontrol \u2022 Opsiyonel \u00e7ap 150 mm &#8211; \u00e7ap 150 mm baca \u00e7\u0131k\u0131\u015f\u0131<\/div>\n<\/div>\n<div class=\"item\">\n<div class=\"column\"><\/div>\n<\/div>\n","protected":false},"excerpt":{"rendered":"<p><strong>K\u00f6m\u00fcrl\u00fc Kalorifer Sobas\u0131<\/strong><\/p>\n<p>&nbsp;<\/p>\n","protected":false},"featured_media":970,"template":"","meta":[],"product_cat":[],"product_tag":[],"class_list":["post-600","product","type-product","status-publish","has-post-thumbnail","hentry"],"yoast_head":"<!-- This site is optimized with the Yoast SEO plugin v17.8 - https:\/\/yoast.com\/wordpress\/plugins\/seo\/ -->\n<title>\u0130FYIL Z\u0130GANA - U\u011furlu Is\u0131<\/title>\n<meta name=\"robots\" content=\"index, follow, max-snippet:-1, max-image-preview:large, max-video-preview:-1\" \/>\n<link rel=\"canonical\" href=\"https:\/\/ugurluisi.com\/index.php\/urun\/zigana-kaloriferli-soba\/\" \/>\n<meta property=\"og:locale\" content=\"tr_TR\" \/>\n<meta property=\"og:type\" content=\"article\" \/>\n<meta property=\"og:title\" content=\"\u0130FYIL Z\u0130GANA - U\u011furlu Is\u0131\" \/>\n<meta property=\"og:description\" content=\"K\u00f6m\u00fcrl\u00fc Kalorifer Sobas\u0131  &nbsp;\" \/>\n<meta property=\"og:url\" content=\"https:\/\/ugurluisi.com\/index.php\/urun\/zigana-kaloriferli-soba\/\" \/>\n<meta property=\"og:site_name\" content=\"U\u011furlu Is\u0131\" \/>\n<meta property=\"article:modified_time\" content=\"2021-12-30T12:48:52+00:00\" \/>\n<meta property=\"og:image\" content=\"https:\/\/ugurluisi.com\/wp-content\/uploads\/2021\/10\/zigana02.jpg\" \/>\n\t<meta property=\"og:image:width\" content=\"1559\" \/>\n\t<meta property=\"og:image:height\" content=\"1320\" \/>\n<meta name=\"twitter:card\" content=\"summary_large_image\" \/>\n<meta name=\"twitter:label1\" content=\"Tahmini okuma s\u00fcresi\" \/>\n\t<meta name=\"twitter:data1\" content=\"1 dakika\" \/>\n<script type=\"application\/ld+json\" class=\"yoast-schema-graph\">{\"@context\":\"https:\/\/schema.org\",\"@graph\":[{\"@type\":\"WebSite\",\"@id\":\"https:\/\/ugurluisi.com\/#website\",\"url\":\"https:\/\/ugurluisi.com\/\",\"name\":\"U\\u011furlu Is\\u0131\",\"description\":\"Is\\u0131 Sistemleri\",\"potentialAction\":[{\"@type\":\"SearchAction\",\"target\":{\"@type\":\"EntryPoint\",\"urlTemplate\":\"https:\/\/ugurluisi.com\/?s={search_term_string}\"},\"query-input\":\"required name=search_term_string\"}],\"inLanguage\":\"tr\"},{\"@type\":\"ImageObject\",\"@id\":\"https:\/\/ugurluisi.com\/index.php\/urun\/zigana-kaloriferli-soba\/#primaryimage\",\"inLanguage\":\"tr\",\"url\":\"https:\/\/ugurluisi.com\/wp-content\/uploads\/2021\/10\/zigana02.jpg\",\"contentUrl\":\"https:\/\/ugurluisi.com\/wp-content\/uploads\/2021\/10\/zigana02.jpg\",\"width\":1559,\"height\":1320},{\"@type\":\"WebPage\",\"@id\":\"https:\/\/ugurluisi.com\/index.php\/urun\/zigana-kaloriferli-soba\/#webpage\",\"url\":\"https:\/\/ugurluisi.com\/index.php\/urun\/zigana-kaloriferli-soba\/\",\"name\":\"\\u0130FYIL Z\\u0130GANA - U\\u011furlu Is\\u0131\",\"isPartOf\":{\"@id\":\"https:\/\/ugurluisi.com\/#website\"},\"primaryImageOfPage\":{\"@id\":\"https:\/\/ugurluisi.com\/index.php\/urun\/zigana-kaloriferli-soba\/#primaryimage\"},\"datePublished\":\"2021-10-30T23:10:09+00:00\",\"dateModified\":\"2021-12-30T12:48:52+00:00\",\"breadcrumb\":{\"@id\":\"https:\/\/ugurluisi.com\/index.php\/urun\/zigana-kaloriferli-soba\/#breadcrumb\"},\"inLanguage\":\"tr\",\"potentialAction\":[{\"@type\":\"ReadAction\",\"target\":[\"https:\/\/ugurluisi.com\/index.php\/urun\/zigana-kaloriferli-soba\/\"]}]},{\"@type\":\"BreadcrumbList\",\"@id\":\"https:\/\/ugurluisi.com\/index.php\/urun\/zigana-kaloriferli-soba\/#breadcrumb\",\"itemListElement\":[{\"@type\":\"ListItem\",\"position\":1,\"name\":\"Anasayfa\",\"item\":\"https:\/\/ugurluisi.com\/\"},{\"@type\":\"ListItem\",\"position\":2,\"name\":\"\"},{\"@type\":\"ListItem\",\"position\":3,\"name\":\"\\u0130FYIL Z\\u0130GANA\"}]}]}<\/script>\n<!-- \/ Yoast SEO plugin. -->","yoast_head_json":{"title":"\u0130FYIL Z\u0130GANA - U\u011furlu Is\u0131","robots":{"index":"index","follow":"follow","max-snippet":"max-snippet:-1","max-image-preview":"max-image-preview:large","max-video-preview":"max-video-preview:-1"},"canonical":"https:\/\/ugurluisi.com\/index.php\/urun\/zigana-kaloriferli-soba\/","og_locale":"tr_TR","og_type":"article","og_title":"\u0130FYIL Z\u0130GANA - U\u011furlu Is\u0131","og_description":"K\u00f6m\u00fcrl\u00fc Kalorifer Sobas\u0131  &nbsp;","og_url":"https:\/\/ugurluisi.com\/index.php\/urun\/zigana-kaloriferli-soba\/","og_site_name":"U\u011furlu Is\u0131","article_modified_time":"2021-12-30T12:48:52+00:00","og_image":[{"width":1559,"height":1320,"url":"https:\/\/ugurluisi.com\/wp-content\/uploads\/2021\/10\/zigana02.jpg","type":"image\/jpeg"}],"twitter_card":"summary_large_image","twitter_misc":{"Tahmini okuma s\u00fcresi":"1 dakika"},"schema":{"@context":"https:\/\/schema.org","@graph":[{"@type":"WebSite","@id":"https:\/\/ugurluisi.com\/#website","url":"https:\/\/ugurluisi.com\/","name":"U\u011furlu Is\u0131","description":"Is\u0131 Sistemleri","potentialAction":[{"@type":"SearchAction","target":{"@type":"EntryPoint","urlTemplate":"https:\/\/ugurluisi.com\/?s={search_term_string}"},"query-input":"required name=search_term_string"}],"inLanguage":"tr"},{"@type":"ImageObject","@id":"https:\/\/ugurluisi.com\/index.php\/urun\/zigana-kaloriferli-soba\/#primaryimage","inLanguage":"tr","url":"https:\/\/ugurluisi.com\/wp-content\/uploads\/2021\/10\/zigana02.jpg","contentUrl":"https:\/\/ugurluisi.com\/wp-content\/uploads\/2021\/10\/zigana02.jpg","width":1559,"height":1320},{"@type":"WebPage","@id":"https:\/\/ugurluisi.com\/index.php\/urun\/zigana-kaloriferli-soba\/#webpage","url":"https:\/\/ugurluisi.com\/index.php\/urun\/zigana-kaloriferli-soba\/","name":"\u0130FYIL Z\u0130GANA - U\u011furlu Is\u0131","isPartOf":{"@id":"https:\/\/ugurluisi.com\/#website"},"primaryImageOfPage":{"@id":"https:\/\/ugurluisi.com\/index.php\/urun\/zigana-kaloriferli-soba\/#primaryimage"},"datePublished":"2021-10-30T23:10:09+00:00","dateModified":"2021-12-30T12:48:52+00:00","breadcrumb":{"@id":"https:\/\/ugurluisi.com\/index.php\/urun\/zigana-kaloriferli-soba\/#breadcrumb"},"inLanguage":"tr","potentialAction":[{"@type":"ReadAction","target":["https:\/\/ugurluisi.com\/index.php\/urun\/zigana-kaloriferli-soba\/"]}]},{"@type":"BreadcrumbList","@id":"https:\/\/ugurluisi.com\/index.php\/urun\/zigana-kaloriferli-soba\/#breadcrumb","itemListElement":[{"@type":"ListItem","position":1,"name":"Anasayfa","item":"https:\/\/ugurluisi.com\/"},{"@type":"ListItem","position":2,"name":""},{"@type":"ListItem","position":3,"name":"\u0130FYIL Z\u0130GANA"}]}]}},"_links":{"self":[{"href":"https:\/\/ugurluisi.com\/index.php\/wp-json\/wp\/v2\/product\/600","targetHints":{"allow":["GET"]}}],"collection":[{"href":"https:\/\/ugurluisi.com\/index.php\/wp-json\/wp\/v2\/product"}],"about":[{"href":"https:\/\/ugurluisi.com\/index.php\/wp-json\/wp\/v2\/types\/product"}],"wp:featuredmedia":[{"embeddable":true,"href":"https:\/\/ugurluisi.com\/index.php\/wp-json\/wp\/v2\/media\/970"}],"wp:attachment":[{"href":"https:\/\/ugurluisi.com\/index.php\/wp-json\/wp\/v2\/media?parent=600"}],"wp:term":[{"taxonomy":"product_cat","embeddable":true,"href":"https:\/\/ugurluisi.com\/index.php\/wp-json\/wp\/v2\/product_cat?post=600"},{"taxonomy":"product_tag","embeddable":true,"href":"https:\/\/ugurluisi.com\/index.php\/wp-json\/wp\/v2\/product_tag?post=600"}],"curies":[{"name":"wp","href":"https:\/\/api.w.org\/{rel}","templated":true}]}}