{"id":602,"date":"2021-10-30T23:10:16","date_gmt":"2021-10-30T23:10:16","guid":{"rendered":"https:\/\/ugurluisi.com\/index.php\/urun\/toros-kaloriferli-soba\/"},"modified":"2021-12-30T12:52:07","modified_gmt":"2021-12-30T12:52:07","slug":"toros-kaloriferli-soba","status":"publish","type":"product","link":"https:\/\/ugurluisi.com\/index.php\/urun\/toros-kaloriferli-soba\/","title":{"rendered":"\u0130FYIL TOROS"},"content":{"rendered":"<p>\u2022 Paket sistem \u2022 Devirmeli \u0131zgara temizleme sistemi \u2022 \u00dcst tabla \u00fczerinde yemek pi\u015firme imkan\u0131 \u2022 Odun, k\u00f6m\u00fcr ve briket yakma \u00f6zelli\u011fi \u2022 \u015e\u00f6mine g\u00f6r\u00fcn\u00fcm\u00fc imkan\u0131 \u2022 Emniyet ventili g\u00fcvenlik tertibat\u0131 \u2022 Yar\u0131 otomatik yanma havas\u0131 kontrol \u2022 Manuel ikincil hava yanma kontro<\/p>\n","protected":false},"excerpt":{"rendered":"<p><strong>K\u00f6m\u00fcrl\u00fc Kaloriferli Soba<\/strong><\/p>\n","protected":false},"featured_media":205,"template":"","meta":[],"product_cat":[],"product_tag":[],"class_list":["post-602","product","type-product","status-publish","has-post-thumbnail","hentry"],"yoast_head":"<!-- This site is optimized with the Yoast SEO plugin v17.8 - https:\/\/yoast.com\/wordpress\/plugins\/seo\/ -->\n<title>\u0130FYIL TOROS - U\u011furlu Is\u0131<\/title>\n<meta name=\"robots\" content=\"index, follow, max-snippet:-1, max-image-preview:large, max-video-preview:-1\" \/>\n<link rel=\"canonical\" href=\"https:\/\/ugurluisi.com\/index.php\/urun\/toros-kaloriferli-soba\/\" \/>\n<meta property=\"og:locale\" content=\"tr_TR\" \/>\n<meta property=\"og:type\" content=\"article\" \/>\n<meta property=\"og:title\" content=\"\u0130FYIL TOROS - U\u011furlu Is\u0131\" \/>\n<meta property=\"og:description\" content=\"K\u00f6m\u00fcrl\u00fc Kaloriferli Soba\" \/>\n<meta property=\"og:url\" content=\"https:\/\/ugurluisi.com\/index.php\/urun\/toros-kaloriferli-soba\/\" \/>\n<meta property=\"og:site_name\" content=\"U\u011furlu Is\u0131\" \/>\n<meta property=\"article:modified_time\" content=\"2021-12-30T12:52:07+00:00\" \/>\n<meta property=\"og:image\" content=\"https:\/\/ugurluisi.com\/wp-content\/uploads\/2021\/09\/urun-68.jpg\" \/>\n\t<meta property=\"og:image:width\" content=\"500\" \/>\n\t<meta property=\"og:image:height\" content=\"500\" \/>\n<meta name=\"twitter:card\" content=\"summary_large_image\" \/>\n<meta name=\"twitter:label1\" content=\"Tahmini okuma s\u00fcresi\" \/>\n\t<meta name=\"twitter:data1\" content=\"1 dakika\" \/>\n<script type=\"application\/ld+json\" class=\"yoast-schema-graph\">{\"@context\":\"https:\/\/schema.org\",\"@graph\":[{\"@type\":\"WebSite\",\"@id\":\"https:\/\/ugurluisi.com\/#website\",\"url\":\"https:\/\/ugurluisi.com\/\",\"name\":\"U\\u011furlu Is\\u0131\",\"description\":\"Is\\u0131 Sistemleri\",\"potentialAction\":[{\"@type\":\"SearchAction\",\"target\":{\"@type\":\"EntryPoint\",\"urlTemplate\":\"https:\/\/ugurluisi.com\/?s={search_term_string}\"},\"query-input\":\"required name=search_term_string\"}],\"inLanguage\":\"tr\"},{\"@type\":\"ImageObject\",\"@id\":\"https:\/\/ugurluisi.com\/index.php\/urun\/toros-kaloriferli-soba\/#primaryimage\",\"inLanguage\":\"tr\",\"url\":\"https:\/\/ugurluisi.com\/wp-content\/uploads\/2021\/09\/urun-68.jpg\",\"contentUrl\":\"https:\/\/ugurluisi.com\/wp-content\/uploads\/2021\/09\/urun-68.jpg\",\"width\":500,\"height\":500},{\"@type\":\"WebPage\",\"@id\":\"https:\/\/ugurluisi.com\/index.php\/urun\/toros-kaloriferli-soba\/#webpage\",\"url\":\"https:\/\/ugurluisi.com\/index.php\/urun\/toros-kaloriferli-soba\/\",\"name\":\"\\u0130FYIL TOROS - U\\u011furlu Is\\u0131\",\"isPartOf\":{\"@id\":\"https:\/\/ugurluisi.com\/#website\"},\"primaryImageOfPage\":{\"@id\":\"https:\/\/ugurluisi.com\/index.php\/urun\/toros-kaloriferli-soba\/#primaryimage\"},\"datePublished\":\"2021-10-30T23:10:16+00:00\",\"dateModified\":\"2021-12-30T12:52:07+00:00\",\"breadcrumb\":{\"@id\":\"https:\/\/ugurluisi.com\/index.php\/urun\/toros-kaloriferli-soba\/#breadcrumb\"},\"inLanguage\":\"tr\",\"potentialAction\":[{\"@type\":\"ReadAction\",\"target\":[\"https:\/\/ugurluisi.com\/index.php\/urun\/toros-kaloriferli-soba\/\"]}]},{\"@type\":\"BreadcrumbList\",\"@id\":\"https:\/\/ugurluisi.com\/index.php\/urun\/toros-kaloriferli-soba\/#breadcrumb\",\"itemListElement\":[{\"@type\":\"ListItem\",\"position\":1,\"name\":\"Anasayfa\",\"item\":\"https:\/\/ugurluisi.com\/\"},{\"@type\":\"ListItem\",\"position\":2,\"name\":\"\"},{\"@type\":\"ListItem\",\"position\":3,\"name\":\"\\u0130FYIL TOROS\"}]}]}<\/script>\n<!-- \/ Yoast SEO plugin. -->","yoast_head_json":{"title":"\u0130FYIL TOROS - U\u011furlu Is\u0131","robots":{"index":"index","follow":"follow","max-snippet":"max-snippet:-1","max-image-preview":"max-image-preview:large","max-video-preview":"max-video-preview:-1"},"canonical":"https:\/\/ugurluisi.com\/index.php\/urun\/toros-kaloriferli-soba\/","og_locale":"tr_TR","og_type":"article","og_title":"\u0130FYIL TOROS - U\u011furlu Is\u0131","og_description":"K\u00f6m\u00fcrl\u00fc Kaloriferli Soba","og_url":"https:\/\/ugurluisi.com\/index.php\/urun\/toros-kaloriferli-soba\/","og_site_name":"U\u011furlu Is\u0131","article_modified_time":"2021-12-30T12:52:07+00:00","og_image":[{"width":500,"height":500,"url":"https:\/\/ugurluisi.com\/wp-content\/uploads\/2021\/09\/urun-68.jpg","type":"image\/jpeg"}],"twitter_card":"summary_large_image","twitter_misc":{"Tahmini okuma s\u00fcresi":"1 dakika"},"schema":{"@context":"https:\/\/schema.org","@graph":[{"@type":"WebSite","@id":"https:\/\/ugurluisi.com\/#website","url":"https:\/\/ugurluisi.com\/","name":"U\u011furlu Is\u0131","description":"Is\u0131 Sistemleri","potentialAction":[{"@type":"SearchAction","target":{"@type":"EntryPoint","urlTemplate":"https:\/\/ugurluisi.com\/?s={search_term_string}"},"query-input":"required name=search_term_string"}],"inLanguage":"tr"},{"@type":"ImageObject","@id":"https:\/\/ugurluisi.com\/index.php\/urun\/toros-kaloriferli-soba\/#primaryimage","inLanguage":"tr","url":"https:\/\/ugurluisi.com\/wp-content\/uploads\/2021\/09\/urun-68.jpg","contentUrl":"https:\/\/ugurluisi.com\/wp-content\/uploads\/2021\/09\/urun-68.jpg","width":500,"height":500},{"@type":"WebPage","@id":"https:\/\/ugurluisi.com\/index.php\/urun\/toros-kaloriferli-soba\/#webpage","url":"https:\/\/ugurluisi.com\/index.php\/urun\/toros-kaloriferli-soba\/","name":"\u0130FYIL TOROS - U\u011furlu Is\u0131","isPartOf":{"@id":"https:\/\/ugurluisi.com\/#website"},"primaryImageOfPage":{"@id":"https:\/\/ugurluisi.com\/index.php\/urun\/toros-kaloriferli-soba\/#primaryimage"},"datePublished":"2021-10-30T23:10:16+00:00","dateModified":"2021-12-30T12:52:07+00:00","breadcrumb":{"@id":"https:\/\/ugurluisi.com\/index.php\/urun\/toros-kaloriferli-soba\/#breadcrumb"},"inLanguage":"tr","potentialAction":[{"@type":"ReadAction","target":["https:\/\/ugurluisi.com\/index.php\/urun\/toros-kaloriferli-soba\/"]}]},{"@type":"BreadcrumbList","@id":"https:\/\/ugurluisi.com\/index.php\/urun\/toros-kaloriferli-soba\/#breadcrumb","itemListElement":[{"@type":"ListItem","position":1,"name":"Anasayfa","item":"https:\/\/ugurluisi.com\/"},{"@type":"ListItem","position":2,"name":""},{"@type":"ListItem","position":3,"name":"\u0130FYIL TOROS"}]}]}},"_links":{"self":[{"href":"https:\/\/ugurluisi.com\/index.php\/wp-json\/wp\/v2\/product\/602","targetHints":{"allow":["GET"]}}],"collection":[{"href":"https:\/\/ugurluisi.com\/index.php\/wp-json\/wp\/v2\/product"}],"about":[{"href":"https:\/\/ugurluisi.com\/index.php\/wp-json\/wp\/v2\/types\/product"}],"wp:featuredmedia":[{"embeddable":true,"href":"https:\/\/ugurluisi.com\/index.php\/wp-json\/wp\/v2\/media\/205"}],"wp:attachment":[{"href":"https:\/\/ugurluisi.com\/index.php\/wp-json\/wp\/v2\/media?parent=602"}],"wp:term":[{"taxonomy":"product_cat","embeddable":true,"href":"https:\/\/ugurluisi.com\/index.php\/wp-json\/wp\/v2\/product_cat?post=602"},{"taxonomy":"product_tag","embeddable":true,"href":"https:\/\/ugurluisi.com\/index.php\/wp-json\/wp\/v2\/product_tag?post=602"}],"curies":[{"name":"wp","href":"https:\/\/api.w.org\/{rel}","templated":true}]}}