{"id":603,"date":"2021-10-30T23:10:16","date_gmt":"2021-10-30T23:10:16","guid":{"rendered":"https:\/\/ugurluisi.com\/index.php\/urun\/rc100-modulasyonlu-oda-kumandasi\/"},"modified":"2021-10-30T23:10:16","modified_gmt":"2021-10-30T23:10:16","slug":"rc100-modulasyonlu-oda-kumandasi","status":"publish","type":"product","link":"https:\/\/ugurluisi.com\/index.php\/urun\/rc100-modulasyonlu-oda-kumandasi\/","title":{"rendered":"RC100 Mod\u00fclasyonlu Oda Kumandas\u0131"},"content":{"rendered":"","protected":false},"excerpt":{"rendered":"<p>D\u0130J\u0130TAL ODA KUMANDASI<\/p>\n","protected":false},"featured_media":207,"template":"","meta":[],"product_cat":[],"product_tag":[],"class_list":["post-603","product","type-product","status-publish","has-post-thumbnail","hentry"],"yoast_head":"<!-- This site is optimized with the Yoast SEO plugin v17.8 - https:\/\/yoast.com\/wordpress\/plugins\/seo\/ -->\n<title>RC100 Mod\u00fclasyonlu Oda Kumandas\u0131 - U\u011furlu Is\u0131<\/title>\n<meta name=\"robots\" content=\"index, follow, max-snippet:-1, max-image-preview:large, max-video-preview:-1\" \/>\n<link rel=\"canonical\" href=\"https:\/\/ugurluisi.com\/index.php\/urun\/rc100-modulasyonlu-oda-kumandasi\/\" \/>\n<meta property=\"og:locale\" content=\"tr_TR\" \/>\n<meta property=\"og:type\" content=\"article\" \/>\n<meta property=\"og:title\" content=\"RC100 Mod\u00fclasyonlu Oda Kumandas\u0131 - U\u011furlu Is\u0131\" \/>\n<meta property=\"og:description\" content=\"D\u0130J\u0130TAL ODA KUMANDASI\" \/>\n<meta property=\"og:url\" content=\"https:\/\/ugurluisi.com\/index.php\/urun\/rc100-modulasyonlu-oda-kumandasi\/\" \/>\n<meta property=\"og:site_name\" content=\"U\u011furlu Is\u0131\" \/>\n<meta property=\"og:image\" content=\"https:\/\/ugurluisi.com\/wp-content\/uploads\/2021\/09\/urun-70.jpg\" \/>\n\t<meta property=\"og:image:width\" content=\"1200\" \/>\n\t<meta property=\"og:image:height\" content=\"1800\" \/>\n<meta name=\"twitter:card\" content=\"summary_large_image\" \/>\n<script type=\"application\/ld+json\" class=\"yoast-schema-graph\">{\"@context\":\"https:\/\/schema.org\",\"@graph\":[{\"@type\":\"WebSite\",\"@id\":\"https:\/\/ugurluisi.com\/#website\",\"url\":\"https:\/\/ugurluisi.com\/\",\"name\":\"U\\u011furlu Is\\u0131\",\"description\":\"Is\\u0131 Sistemleri\",\"potentialAction\":[{\"@type\":\"SearchAction\",\"target\":{\"@type\":\"EntryPoint\",\"urlTemplate\":\"https:\/\/ugurluisi.com\/?s={search_term_string}\"},\"query-input\":\"required name=search_term_string\"}],\"inLanguage\":\"tr\"},{\"@type\":\"ImageObject\",\"@id\":\"https:\/\/ugurluisi.com\/index.php\/urun\/rc100-modulasyonlu-oda-kumandasi\/#primaryimage\",\"inLanguage\":\"tr\",\"url\":\"https:\/\/ugurluisi.com\/wp-content\/uploads\/2021\/09\/urun-70.jpg\",\"contentUrl\":\"https:\/\/ugurluisi.com\/wp-content\/uploads\/2021\/09\/urun-70.jpg\",\"width\":1200,\"height\":1800},{\"@type\":\"WebPage\",\"@id\":\"https:\/\/ugurluisi.com\/index.php\/urun\/rc100-modulasyonlu-oda-kumandasi\/#webpage\",\"url\":\"https:\/\/ugurluisi.com\/index.php\/urun\/rc100-modulasyonlu-oda-kumandasi\/\",\"name\":\"RC100 Mod\\u00fclasyonlu Oda Kumandas\\u0131 - U\\u011furlu Is\\u0131\",\"isPartOf\":{\"@id\":\"https:\/\/ugurluisi.com\/#website\"},\"primaryImageOfPage\":{\"@id\":\"https:\/\/ugurluisi.com\/index.php\/urun\/rc100-modulasyonlu-oda-kumandasi\/#primaryimage\"},\"datePublished\":\"2021-10-30T23:10:16+00:00\",\"dateModified\":\"2021-10-30T23:10:16+00:00\",\"breadcrumb\":{\"@id\":\"https:\/\/ugurluisi.com\/index.php\/urun\/rc100-modulasyonlu-oda-kumandasi\/#breadcrumb\"},\"inLanguage\":\"tr\",\"potentialAction\":[{\"@type\":\"ReadAction\",\"target\":[\"https:\/\/ugurluisi.com\/index.php\/urun\/rc100-modulasyonlu-oda-kumandasi\/\"]}]},{\"@type\":\"BreadcrumbList\",\"@id\":\"https:\/\/ugurluisi.com\/index.php\/urun\/rc100-modulasyonlu-oda-kumandasi\/#breadcrumb\",\"itemListElement\":[{\"@type\":\"ListItem\",\"position\":1,\"name\":\"Anasayfa\",\"item\":\"https:\/\/ugurluisi.com\/\"},{\"@type\":\"ListItem\",\"position\":2,\"name\":\"\"},{\"@type\":\"ListItem\",\"position\":3,\"name\":\"RC100 Mod\\u00fclasyonlu Oda Kumandas\\u0131\"}]}]}<\/script>\n<!-- \/ Yoast SEO plugin. -->","yoast_head_json":{"title":"RC100 Mod\u00fclasyonlu Oda Kumandas\u0131 - U\u011furlu Is\u0131","robots":{"index":"index","follow":"follow","max-snippet":"max-snippet:-1","max-image-preview":"max-image-preview:large","max-video-preview":"max-video-preview:-1"},"canonical":"https:\/\/ugurluisi.com\/index.php\/urun\/rc100-modulasyonlu-oda-kumandasi\/","og_locale":"tr_TR","og_type":"article","og_title":"RC100 Mod\u00fclasyonlu Oda Kumandas\u0131 - U\u011furlu Is\u0131","og_description":"D\u0130J\u0130TAL ODA KUMANDASI","og_url":"https:\/\/ugurluisi.com\/index.php\/urun\/rc100-modulasyonlu-oda-kumandasi\/","og_site_name":"U\u011furlu Is\u0131","og_image":[{"width":1200,"height":1800,"url":"https:\/\/ugurluisi.com\/wp-content\/uploads\/2021\/09\/urun-70.jpg","type":"image\/jpeg"}],"twitter_card":"summary_large_image","schema":{"@context":"https:\/\/schema.org","@graph":[{"@type":"WebSite","@id":"https:\/\/ugurluisi.com\/#website","url":"https:\/\/ugurluisi.com\/","name":"U\u011furlu Is\u0131","description":"Is\u0131 Sistemleri","potentialAction":[{"@type":"SearchAction","target":{"@type":"EntryPoint","urlTemplate":"https:\/\/ugurluisi.com\/?s={search_term_string}"},"query-input":"required name=search_term_string"}],"inLanguage":"tr"},{"@type":"ImageObject","@id":"https:\/\/ugurluisi.com\/index.php\/urun\/rc100-modulasyonlu-oda-kumandasi\/#primaryimage","inLanguage":"tr","url":"https:\/\/ugurluisi.com\/wp-content\/uploads\/2021\/09\/urun-70.jpg","contentUrl":"https:\/\/ugurluisi.com\/wp-content\/uploads\/2021\/09\/urun-70.jpg","width":1200,"height":1800},{"@type":"WebPage","@id":"https:\/\/ugurluisi.com\/index.php\/urun\/rc100-modulasyonlu-oda-kumandasi\/#webpage","url":"https:\/\/ugurluisi.com\/index.php\/urun\/rc100-modulasyonlu-oda-kumandasi\/","name":"RC100 Mod\u00fclasyonlu Oda Kumandas\u0131 - U\u011furlu Is\u0131","isPartOf":{"@id":"https:\/\/ugurluisi.com\/#website"},"primaryImageOfPage":{"@id":"https:\/\/ugurluisi.com\/index.php\/urun\/rc100-modulasyonlu-oda-kumandasi\/#primaryimage"},"datePublished":"2021-10-30T23:10:16+00:00","dateModified":"2021-10-30T23:10:16+00:00","breadcrumb":{"@id":"https:\/\/ugurluisi.com\/index.php\/urun\/rc100-modulasyonlu-oda-kumandasi\/#breadcrumb"},"inLanguage":"tr","potentialAction":[{"@type":"ReadAction","target":["https:\/\/ugurluisi.com\/index.php\/urun\/rc100-modulasyonlu-oda-kumandasi\/"]}]},{"@type":"BreadcrumbList","@id":"https:\/\/ugurluisi.com\/index.php\/urun\/rc100-modulasyonlu-oda-kumandasi\/#breadcrumb","itemListElement":[{"@type":"ListItem","position":1,"name":"Anasayfa","item":"https:\/\/ugurluisi.com\/"},{"@type":"ListItem","position":2,"name":""},{"@type":"ListItem","position":3,"name":"RC100 Mod\u00fclasyonlu Oda Kumandas\u0131"}]}]}},"_links":{"self":[{"href":"https:\/\/ugurluisi.com\/index.php\/wp-json\/wp\/v2\/product\/603","targetHints":{"allow":["GET"]}}],"collection":[{"href":"https:\/\/ugurluisi.com\/index.php\/wp-json\/wp\/v2\/product"}],"about":[{"href":"https:\/\/ugurluisi.com\/index.php\/wp-json\/wp\/v2\/types\/product"}],"wp:featuredmedia":[{"embeddable":true,"href":"https:\/\/ugurluisi.com\/index.php\/wp-json\/wp\/v2\/media\/207"}],"wp:attachment":[{"href":"https:\/\/ugurluisi.com\/index.php\/wp-json\/wp\/v2\/media?parent=603"}],"wp:term":[{"taxonomy":"product_cat","embeddable":true,"href":"https:\/\/ugurluisi.com\/index.php\/wp-json\/wp\/v2\/product_cat?post=603"},{"taxonomy":"product_tag","embeddable":true,"href":"https:\/\/ugurluisi.com\/index.php\/wp-json\/wp\/v2\/product_tag?post=603"}],"curies":[{"name":"wp","href":"https:\/\/api.w.org\/{rel}","templated":true}]}}