{"id":605,"date":"2021-10-30T23:10:16","date_gmt":"2021-10-30T23:10:16","guid":{"rendered":"https:\/\/ugurluisi.com\/index.php\/urun\/logamatic-tc100\/"},"modified":"2021-10-30T23:10:17","modified_gmt":"2021-10-30T23:10:17","slug":"logamatic-tc100","status":"publish","type":"product","link":"https:\/\/ugurluisi.com\/index.php\/urun\/logamatic-tc100\/","title":{"rendered":"Logamatic TC100"},"content":{"rendered":"","protected":false},"excerpt":{"rendered":"<p>D\u0130J\u0130TAL ODA KUMANDASI<\/p>\n","protected":false},"featured_media":209,"template":"","meta":[],"product_cat":[],"product_tag":[],"class_list":["post-605","product","type-product","status-publish","has-post-thumbnail","hentry"],"yoast_head":"<!-- This site is optimized with the Yoast SEO plugin v17.8 - https:\/\/yoast.com\/wordpress\/plugins\/seo\/ -->\n<title>Logamatic TC100 - U\u011furlu Is\u0131<\/title>\n<meta name=\"robots\" content=\"index, follow, max-snippet:-1, max-image-preview:large, max-video-preview:-1\" \/>\n<link rel=\"canonical\" href=\"https:\/\/ugurluisi.com\/index.php\/urun\/logamatic-tc100\/\" \/>\n<meta property=\"og:locale\" content=\"tr_TR\" \/>\n<meta property=\"og:type\" content=\"article\" \/>\n<meta property=\"og:title\" content=\"Logamatic TC100 - U\u011furlu Is\u0131\" \/>\n<meta property=\"og:description\" content=\"D\u0130J\u0130TAL ODA KUMANDASI\" \/>\n<meta property=\"og:url\" content=\"https:\/\/ugurluisi.com\/index.php\/urun\/logamatic-tc100\/\" \/>\n<meta property=\"og:site_name\" content=\"U\u011furlu Is\u0131\" \/>\n<meta property=\"article:modified_time\" content=\"2021-10-30T23:10:17+00:00\" \/>\n<meta property=\"og:image\" content=\"https:\/\/ugurluisi.com\/wp-content\/uploads\/2021\/09\/urun-72.jpg\" \/>\n\t<meta property=\"og:image:width\" content=\"500\" \/>\n\t<meta property=\"og:image:height\" content=\"500\" \/>\n<meta name=\"twitter:card\" content=\"summary_large_image\" \/>\n<script type=\"application\/ld+json\" class=\"yoast-schema-graph\">{\"@context\":\"https:\/\/schema.org\",\"@graph\":[{\"@type\":\"WebSite\",\"@id\":\"https:\/\/ugurluisi.com\/#website\",\"url\":\"https:\/\/ugurluisi.com\/\",\"name\":\"U\\u011furlu Is\\u0131\",\"description\":\"Is\\u0131 Sistemleri\",\"potentialAction\":[{\"@type\":\"SearchAction\",\"target\":{\"@type\":\"EntryPoint\",\"urlTemplate\":\"https:\/\/ugurluisi.com\/?s={search_term_string}\"},\"query-input\":\"required name=search_term_string\"}],\"inLanguage\":\"tr\"},{\"@type\":\"ImageObject\",\"@id\":\"https:\/\/ugurluisi.com\/index.php\/urun\/logamatic-tc100\/#primaryimage\",\"inLanguage\":\"tr\",\"url\":\"https:\/\/ugurluisi.com\/wp-content\/uploads\/2021\/09\/urun-72.jpg\",\"contentUrl\":\"https:\/\/ugurluisi.com\/wp-content\/uploads\/2021\/09\/urun-72.jpg\",\"width\":500,\"height\":500},{\"@type\":\"WebPage\",\"@id\":\"https:\/\/ugurluisi.com\/index.php\/urun\/logamatic-tc100\/#webpage\",\"url\":\"https:\/\/ugurluisi.com\/index.php\/urun\/logamatic-tc100\/\",\"name\":\"Logamatic TC100 - U\\u011furlu Is\\u0131\",\"isPartOf\":{\"@id\":\"https:\/\/ugurluisi.com\/#website\"},\"primaryImageOfPage\":{\"@id\":\"https:\/\/ugurluisi.com\/index.php\/urun\/logamatic-tc100\/#primaryimage\"},\"datePublished\":\"2021-10-30T23:10:16+00:00\",\"dateModified\":\"2021-10-30T23:10:17+00:00\",\"breadcrumb\":{\"@id\":\"https:\/\/ugurluisi.com\/index.php\/urun\/logamatic-tc100\/#breadcrumb\"},\"inLanguage\":\"tr\",\"potentialAction\":[{\"@type\":\"ReadAction\",\"target\":[\"https:\/\/ugurluisi.com\/index.php\/urun\/logamatic-tc100\/\"]}]},{\"@type\":\"BreadcrumbList\",\"@id\":\"https:\/\/ugurluisi.com\/index.php\/urun\/logamatic-tc100\/#breadcrumb\",\"itemListElement\":[{\"@type\":\"ListItem\",\"position\":1,\"name\":\"Anasayfa\",\"item\":\"https:\/\/ugurluisi.com\/\"},{\"@type\":\"ListItem\",\"position\":2,\"name\":\"\"},{\"@type\":\"ListItem\",\"position\":3,\"name\":\"Logamatic TC100\"}]}]}<\/script>\n<!-- \/ Yoast SEO plugin. -->","yoast_head_json":{"title":"Logamatic TC100 - U\u011furlu Is\u0131","robots":{"index":"index","follow":"follow","max-snippet":"max-snippet:-1","max-image-preview":"max-image-preview:large","max-video-preview":"max-video-preview:-1"},"canonical":"https:\/\/ugurluisi.com\/index.php\/urun\/logamatic-tc100\/","og_locale":"tr_TR","og_type":"article","og_title":"Logamatic TC100 - U\u011furlu Is\u0131","og_description":"D\u0130J\u0130TAL ODA KUMANDASI","og_url":"https:\/\/ugurluisi.com\/index.php\/urun\/logamatic-tc100\/","og_site_name":"U\u011furlu Is\u0131","article_modified_time":"2021-10-30T23:10:17+00:00","og_image":[{"width":500,"height":500,"url":"https:\/\/ugurluisi.com\/wp-content\/uploads\/2021\/09\/urun-72.jpg","type":"image\/jpeg"}],"twitter_card":"summary_large_image","schema":{"@context":"https:\/\/schema.org","@graph":[{"@type":"WebSite","@id":"https:\/\/ugurluisi.com\/#website","url":"https:\/\/ugurluisi.com\/","name":"U\u011furlu Is\u0131","description":"Is\u0131 Sistemleri","potentialAction":[{"@type":"SearchAction","target":{"@type":"EntryPoint","urlTemplate":"https:\/\/ugurluisi.com\/?s={search_term_string}"},"query-input":"required name=search_term_string"}],"inLanguage":"tr"},{"@type":"ImageObject","@id":"https:\/\/ugurluisi.com\/index.php\/urun\/logamatic-tc100\/#primaryimage","inLanguage":"tr","url":"https:\/\/ugurluisi.com\/wp-content\/uploads\/2021\/09\/urun-72.jpg","contentUrl":"https:\/\/ugurluisi.com\/wp-content\/uploads\/2021\/09\/urun-72.jpg","width":500,"height":500},{"@type":"WebPage","@id":"https:\/\/ugurluisi.com\/index.php\/urun\/logamatic-tc100\/#webpage","url":"https:\/\/ugurluisi.com\/index.php\/urun\/logamatic-tc100\/","name":"Logamatic TC100 - U\u011furlu Is\u0131","isPartOf":{"@id":"https:\/\/ugurluisi.com\/#website"},"primaryImageOfPage":{"@id":"https:\/\/ugurluisi.com\/index.php\/urun\/logamatic-tc100\/#primaryimage"},"datePublished":"2021-10-30T23:10:16+00:00","dateModified":"2021-10-30T23:10:17+00:00","breadcrumb":{"@id":"https:\/\/ugurluisi.com\/index.php\/urun\/logamatic-tc100\/#breadcrumb"},"inLanguage":"tr","potentialAction":[{"@type":"ReadAction","target":["https:\/\/ugurluisi.com\/index.php\/urun\/logamatic-tc100\/"]}]},{"@type":"BreadcrumbList","@id":"https:\/\/ugurluisi.com\/index.php\/urun\/logamatic-tc100\/#breadcrumb","itemListElement":[{"@type":"ListItem","position":1,"name":"Anasayfa","item":"https:\/\/ugurluisi.com\/"},{"@type":"ListItem","position":2,"name":""},{"@type":"ListItem","position":3,"name":"Logamatic TC100"}]}]}},"_links":{"self":[{"href":"https:\/\/ugurluisi.com\/index.php\/wp-json\/wp\/v2\/product\/605","targetHints":{"allow":["GET"]}}],"collection":[{"href":"https:\/\/ugurluisi.com\/index.php\/wp-json\/wp\/v2\/product"}],"about":[{"href":"https:\/\/ugurluisi.com\/index.php\/wp-json\/wp\/v2\/types\/product"}],"wp:featuredmedia":[{"embeddable":true,"href":"https:\/\/ugurluisi.com\/index.php\/wp-json\/wp\/v2\/media\/209"}],"wp:attachment":[{"href":"https:\/\/ugurluisi.com\/index.php\/wp-json\/wp\/v2\/media?parent=605"}],"wp:term":[{"taxonomy":"product_cat","embeddable":true,"href":"https:\/\/ugurluisi.com\/index.php\/wp-json\/wp\/v2\/product_cat?post=605"},{"taxonomy":"product_tag","embeddable":true,"href":"https:\/\/ugurluisi.com\/index.php\/wp-json\/wp\/v2\/product_tag?post=605"}],"curies":[{"name":"wp","href":"https:\/\/api.w.org\/{rel}","templated":true}]}}