{"id":804,"date":"2021-11-08T13:45:33","date_gmt":"2021-11-08T13:45:33","guid":{"rendered":"https:\/\/ugurluisi.com\/?post_type=product&#038;p=804"},"modified":"2022-01-04T12:54:13","modified_gmt":"2022-01-04T12:54:13","slug":"ers-eraslan-moduler-su-deposu","status":"publish","type":"product","link":"https:\/\/ugurluisi.com\/index.php\/urun\/ers-eraslan-moduler-su-deposu\/","title":{"rendered":"ERS (ERASLAN) MOD\u00dcLER SU DEPOSU"},"content":{"rendered":"<p><span style=\"color: #ff0000;\"><b>Krom \u00c7elik Su Deposu<\/b><\/span><\/p>\n<p><b>Paslanmaz Krom \u00c7elik AISI (304-316 L)<\/b>\u00a0malzeme kullan\u0131larak y\u00fcksek bas\u0131n\u00e7l\u0131 preslerde form verilmi\u015f saclardan mod\u00fcler par\u00e7alar halinde \u00fcretilmi\u015f su deposu ve su muhafaza tanklar\u0131d\u0131r.<\/p>\n<hr \/>\n<p><b>&#8211; AISI 304 kalite krom \u00e7elik<\/b><br \/>\n<b>&#8211; AISI 316 L kalite krom \u00e7elik<\/b><\/p>\n<hr \/>\n<p>Paslanmaz su depolar\u0131nda 1.s\u0131n\u0131f malzemeler kullanarak y\u00fcksek korozyon diren\u00e7lerinde uzun \u00f6m\u00fcrl\u00fc olarak \u00fcretilmektedir. \u00dcretilen b\u00fct\u00fcn \u00fcr\u00fcnler <b>CE, TSE, TSEK<\/b>\u00a0belgelidir. Ayr\u0131ca kamuya ait projelerde\u00a0<b>\u00c7evre ve \u015eehircilik Bakanl\u0131\u011f\u0131, TOK\u0130 vs&#8230;<\/b>\u00a0gibi kurumlar\u0131n \u015fartname standartlar\u0131na g\u00f6re \u00fcretim yap\u0131lmaktad\u0131r.<\/p>\n<p><span style=\"color: #ff0000;\"><b>Galvaniz \u00c7elik Su Deposu<\/b><\/span><\/p>\n<p><b>S\u0131cak Dald\u0131rma Galvaniz Sac (ST 37)<\/b>\u00a0malzeme kullan\u0131larak y\u00fcksek bas\u0131n\u00e7l\u0131 preslerde form verilmi\u015f saclardan mod\u00fcler par\u00e7alar halinde \u00fcretilmi\u015f su deposu ve su muhafaza tanklar\u0131d\u0131r.<\/p>\n<hr \/>\n<p><b>&#8211; Galvaniz kapl\u0131 karbon \u00e7elik<\/b><br \/>\n<b>&#8211; S\u0131cak dald\u0131rma galvaniz kapl\u0131 karbon \u00e7elikk<\/b><\/p>\n<hr \/>\n<p>Galvaniz \u00c7elik su depolar\u0131nda 1.s\u0131n\u0131f malzemeler kullanarak y\u00fcksek korozyon diren\u00e7lerinde uzun \u00f6m\u00fcrl\u00fc olarak \u00fcretilmektedir. Tesisimizde \u00fcretilen b\u00fct\u00fcn \u00fcr\u00fcnler\u00a0<b>CE, TSE, TSEK<\/b>\u00a0belgelidir. Ayr\u0131ca kamuya ait projelerde\u00a0<b>\u00c7evre ve \u015eehircilik Bakanl\u0131\u011f\u0131, TOK\u0130 vs&#8230;<\/b>\u00a0gibi kurumlar\u0131n \u015fartname standartlar\u0131na g\u00f6re \u00fcretim yap\u0131lmaktad\u0131r.<\/p>\n<p><strong>Su depolar\u0131<br \/>\nMADDE 36<\/strong><br \/>\n(1) Bu Y\u00f6netmelikte belirtilen,<br \/>\na) \u00c7ok y\u00fcksek yap\u0131larda 30 m3\u2019ten,<br \/>\nb) Umumi binalar ve y\u00fcksek katl\u0131 yap\u0131larda 15 m3\u2019ten,<br \/>\nc) 10 ba\u011f\u0131ms\u0131z b\u00f6l\u00fcme kadar konut binalar\u0131nda 3 m3\u2019ten,<br \/>\n\u00e7) Di\u011fer binalarda 5 m3\u2019ten,<br \/>\naz olmamak \u00fczere yap\u0131n\u0131n kullanma amac\u0131, g\u00fcnl\u00fck su ihtiyac\u0131, se\u00e7ilen yang\u0131n s\u00f6nd\u00fcrme sistemi gibi kriterler ile ulusal ve uluslararas\u0131 standartlara uyulmak ve gerekli drenaj ve yal\u0131t\u0131m tedbirleri al\u0131nmak \u015fart\u0131yla hacmi belirlenen su deposu bulundurulmas\u0131 zorunludur.<br \/>\n(2) Konut binalar\u0131nda 10 ba\u011f\u0131ms\u0131z b\u00f6l\u00fcmden sonraki artan her ba\u011f\u0131ms\u0131z b\u00f6l\u00fcm i\u00e7in su deposu hacmi 0.50 m3 artt\u0131r\u0131l\u0131r.<br \/>\n(3) T\u00fcm binalarda su deposunun bulundu\u011fu kat itibariyle cazibeli ak\u0131m\u0131n m\u00fcmk\u00fcn olmad\u0131\u011f\u0131 durumlarda hidrofor konulmas\u0131 zorunludur.<br \/>\n(4) Su depolar\u0131 ve hidrofor, gerekli drenaj ve yal\u0131t\u0131m tedbirleri al\u0131narak binan\u0131n bodrum ya da \u00e7at\u0131 kat\u0131nda tertiplenebilece\u011fi gibi, ayn\u0131 ko\u015fullar\u0131 ta\u015f\u0131mak \u015fart\u0131yla, bina alan\u0131 d\u0131\u015f\u0131nda \u00f6n, yan ve arka bah\u00e7elerde topra\u011fa g\u00f6m\u00fcl\u00fc \u015fekilde de yerle\u015ftirilebilir.<br \/>\n(5) Su depolar\u0131, ta\u015f\u0131y\u0131c\u0131 sistemden ba\u011f\u0131ms\u0131z olarak betonarme, paslanmaz \u00e7elik veya s\u0131hhi \u015fartlara uygun benzeri malzemeden yap\u0131l\u0131r.<\/p>\n","protected":false},"excerpt":{"rendered":"<p>Krom \u00c7elik Su Deposu Paslanmaz Krom \u00c7elik AISI (304-316 L)\u00a0malzeme kullan\u0131larak y\u00fcksek bas\u0131n\u00e7l\u0131 preslerde form verilmi\u015f saclardan mod\u00fcler par\u00e7alar halinde \u00fcretilmi\u015f su deposu ve su muhafaza<span class=\"excerpt-hellip\"> [\u2026]<\/span><\/p>\n","protected":false},"featured_media":778,"template":"","meta":[],"product_cat":[],"product_tag":[],"class_list":["post-804","product","type-product","status-publish","has-post-thumbnail","hentry"],"yoast_head":"<!-- This site is optimized with the Yoast SEO plugin v17.8 - https:\/\/yoast.com\/wordpress\/plugins\/seo\/ -->\n<title>ERS (ERASLAN) MOD\u00dcLER SU DEPOSU - U\u011furlu Is\u0131<\/title>\n<meta name=\"robots\" content=\"index, follow, max-snippet:-1, max-image-preview:large, max-video-preview:-1\" \/>\n<link rel=\"canonical\" href=\"https:\/\/ugurluisi.com\/index.php\/urun\/ers-eraslan-moduler-su-deposu\/\" \/>\n<meta property=\"og:locale\" content=\"tr_TR\" \/>\n<meta property=\"og:type\" content=\"article\" \/>\n<meta property=\"og:title\" content=\"Mod\u00fcler Su Deposu\" \/>\n<meta property=\"og:description\" content=\"Krom \u00c7elik Su Deposu Paslanmaz Krom \u00c7elik AISI (304-316 L)\u00a0malzeme kullan\u0131larak y\u00fcksek bas\u0131n\u00e7l\u0131 preslerde form verilmi\u015f saclardan mod\u00fcler par\u00e7alar halinde \u00fcretilmi\u015f su deposu ve su muhafaza [\u2026]\" \/>\n<meta property=\"og:url\" content=\"https:\/\/ugurluisi.com\/index.php\/urun\/ers-eraslan-moduler-su-deposu\/\" \/>\n<meta property=\"og:site_name\" content=\"U\u011furlu Is\u0131\" \/>\n<meta property=\"article:modified_time\" content=\"2022-01-04T12:54:13+00:00\" \/>\n<meta property=\"og:image\" content=\"https:\/\/ugurluisi.com\/wp-content\/uploads\/2021\/11\/ers-1.png\" \/>\n\t<meta property=\"og:image:width\" content=\"1091\" \/>\n\t<meta property=\"og:image:height\" content=\"752\" \/>\n<meta name=\"twitter:card\" content=\"summary_large_image\" \/>\n<meta name=\"twitter:label1\" content=\"Tahmini okuma s\u00fcresi\" \/>\n\t<meta name=\"twitter:data1\" content=\"2 dakika\" \/>\n<script type=\"application\/ld+json\" class=\"yoast-schema-graph\">{\"@context\":\"https:\/\/schema.org\",\"@graph\":[{\"@type\":\"WebSite\",\"@id\":\"https:\/\/ugurluisi.com\/#website\",\"url\":\"https:\/\/ugurluisi.com\/\",\"name\":\"U\\u011furlu Is\\u0131\",\"description\":\"Is\\u0131 Sistemleri\",\"potentialAction\":[{\"@type\":\"SearchAction\",\"target\":{\"@type\":\"EntryPoint\",\"urlTemplate\":\"https:\/\/ugurluisi.com\/?s={search_term_string}\"},\"query-input\":\"required name=search_term_string\"}],\"inLanguage\":\"tr\"},{\"@type\":\"ImageObject\",\"@id\":\"https:\/\/ugurluisi.com\/index.php\/urun\/ers-eraslan-moduler-su-deposu\/#primaryimage\",\"inLanguage\":\"tr\",\"url\":\"https:\/\/ugurluisi.com\/wp-content\/uploads\/2021\/11\/ers-1.png\",\"contentUrl\":\"https:\/\/ugurluisi.com\/wp-content\/uploads\/2021\/11\/ers-1.png\",\"width\":1091,\"height\":752},{\"@type\":\"WebPage\",\"@id\":\"https:\/\/ugurluisi.com\/index.php\/urun\/ers-eraslan-moduler-su-deposu\/#webpage\",\"url\":\"https:\/\/ugurluisi.com\/index.php\/urun\/ers-eraslan-moduler-su-deposu\/\",\"name\":\"ERS (ERASLAN) MOD\\u00dcLER SU DEPOSU - U\\u011furlu Is\\u0131\",\"isPartOf\":{\"@id\":\"https:\/\/ugurluisi.com\/#website\"},\"primaryImageOfPage\":{\"@id\":\"https:\/\/ugurluisi.com\/index.php\/urun\/ers-eraslan-moduler-su-deposu\/#primaryimage\"},\"datePublished\":\"2021-11-08T13:45:33+00:00\",\"dateModified\":\"2022-01-04T12:54:13+00:00\",\"breadcrumb\":{\"@id\":\"https:\/\/ugurluisi.com\/index.php\/urun\/ers-eraslan-moduler-su-deposu\/#breadcrumb\"},\"inLanguage\":\"tr\",\"potentialAction\":[{\"@type\":\"ReadAction\",\"target\":[\"https:\/\/ugurluisi.com\/index.php\/urun\/ers-eraslan-moduler-su-deposu\/\"]}]},{\"@type\":\"BreadcrumbList\",\"@id\":\"https:\/\/ugurluisi.com\/index.php\/urun\/ers-eraslan-moduler-su-deposu\/#breadcrumb\",\"itemListElement\":[{\"@type\":\"ListItem\",\"position\":1,\"name\":\"Anasayfa\",\"item\":\"https:\/\/ugurluisi.com\/\"},{\"@type\":\"ListItem\",\"position\":2,\"name\":\"\"},{\"@type\":\"ListItem\",\"position\":3,\"name\":\"ERS (ERASLAN) MOD\\u00dcLER SU DEPOSU\"}]}]}<\/script>\n<!-- \/ Yoast SEO plugin. -->","yoast_head_json":{"title":"ERS (ERASLAN) MOD\u00dcLER SU DEPOSU - U\u011furlu Is\u0131","robots":{"index":"index","follow":"follow","max-snippet":"max-snippet:-1","max-image-preview":"max-image-preview:large","max-video-preview":"max-video-preview:-1"},"canonical":"https:\/\/ugurluisi.com\/index.php\/urun\/ers-eraslan-moduler-su-deposu\/","og_locale":"tr_TR","og_type":"article","og_title":"Mod\u00fcler Su Deposu","og_description":"Krom \u00c7elik Su Deposu Paslanmaz Krom \u00c7elik AISI (304-316 L)\u00a0malzeme kullan\u0131larak y\u00fcksek bas\u0131n\u00e7l\u0131 preslerde form verilmi\u015f saclardan mod\u00fcler par\u00e7alar halinde \u00fcretilmi\u015f su deposu ve su muhafaza [\u2026]","og_url":"https:\/\/ugurluisi.com\/index.php\/urun\/ers-eraslan-moduler-su-deposu\/","og_site_name":"U\u011furlu Is\u0131","article_modified_time":"2022-01-04T12:54:13+00:00","og_image":[{"width":1091,"height":752,"url":"https:\/\/ugurluisi.com\/wp-content\/uploads\/2021\/11\/ers-1.png","type":"image\/png"}],"twitter_card":"summary_large_image","twitter_misc":{"Tahmini okuma s\u00fcresi":"2 dakika"},"schema":{"@context":"https:\/\/schema.org","@graph":[{"@type":"WebSite","@id":"https:\/\/ugurluisi.com\/#website","url":"https:\/\/ugurluisi.com\/","name":"U\u011furlu Is\u0131","description":"Is\u0131 Sistemleri","potentialAction":[{"@type":"SearchAction","target":{"@type":"EntryPoint","urlTemplate":"https:\/\/ugurluisi.com\/?s={search_term_string}"},"query-input":"required name=search_term_string"}],"inLanguage":"tr"},{"@type":"ImageObject","@id":"https:\/\/ugurluisi.com\/index.php\/urun\/ers-eraslan-moduler-su-deposu\/#primaryimage","inLanguage":"tr","url":"https:\/\/ugurluisi.com\/wp-content\/uploads\/2021\/11\/ers-1.png","contentUrl":"https:\/\/ugurluisi.com\/wp-content\/uploads\/2021\/11\/ers-1.png","width":1091,"height":752},{"@type":"WebPage","@id":"https:\/\/ugurluisi.com\/index.php\/urun\/ers-eraslan-moduler-su-deposu\/#webpage","url":"https:\/\/ugurluisi.com\/index.php\/urun\/ers-eraslan-moduler-su-deposu\/","name":"ERS (ERASLAN) MOD\u00dcLER SU DEPOSU - U\u011furlu Is\u0131","isPartOf":{"@id":"https:\/\/ugurluisi.com\/#website"},"primaryImageOfPage":{"@id":"https:\/\/ugurluisi.com\/index.php\/urun\/ers-eraslan-moduler-su-deposu\/#primaryimage"},"datePublished":"2021-11-08T13:45:33+00:00","dateModified":"2022-01-04T12:54:13+00:00","breadcrumb":{"@id":"https:\/\/ugurluisi.com\/index.php\/urun\/ers-eraslan-moduler-su-deposu\/#breadcrumb"},"inLanguage":"tr","potentialAction":[{"@type":"ReadAction","target":["https:\/\/ugurluisi.com\/index.php\/urun\/ers-eraslan-moduler-su-deposu\/"]}]},{"@type":"BreadcrumbList","@id":"https:\/\/ugurluisi.com\/index.php\/urun\/ers-eraslan-moduler-su-deposu\/#breadcrumb","itemListElement":[{"@type":"ListItem","position":1,"name":"Anasayfa","item":"https:\/\/ugurluisi.com\/"},{"@type":"ListItem","position":2,"name":""},{"@type":"ListItem","position":3,"name":"ERS (ERASLAN) MOD\u00dcLER SU DEPOSU"}]}]}},"_links":{"self":[{"href":"https:\/\/ugurluisi.com\/index.php\/wp-json\/wp\/v2\/product\/804","targetHints":{"allow":["GET"]}}],"collection":[{"href":"https:\/\/ugurluisi.com\/index.php\/wp-json\/wp\/v2\/product"}],"about":[{"href":"https:\/\/ugurluisi.com\/index.php\/wp-json\/wp\/v2\/types\/product"}],"wp:featuredmedia":[{"embeddable":true,"href":"https:\/\/ugurluisi.com\/index.php\/wp-json\/wp\/v2\/media\/778"}],"wp:attachment":[{"href":"https:\/\/ugurluisi.com\/index.php\/wp-json\/wp\/v2\/media?parent=804"}],"wp:term":[{"taxonomy":"product_cat","embeddable":true,"href":"https:\/\/ugurluisi.com\/index.php\/wp-json\/wp\/v2\/product_cat?post=804"},{"taxonomy":"product_tag","embeddable":true,"href":"https:\/\/ugurluisi.com\/index.php\/wp-json\/wp\/v2\/product_tag?post=804"}],"curies":[{"name":"wp","href":"https:\/\/api.w.org\/{rel}","templated":true}]}}